{"id":16097,"date":"2023-12-12T10:53:26","date_gmt":"2023-12-12T10:53:26","guid":{"rendered":"https:\/\/fitnesszone.shapersportfolio.in\/?page_id=16097"},"modified":"2024-05-23T16:01:08","modified_gmt":"2024-05-23T14:01:08","slug":"equipe","status":"publish","type":"page","link":"https:\/\/fitnesszone.lu\/en\/equipe\/","title":{"rendered":"Equipe"},"content":{"rendered":"<div data-elementor-type=\"wp-page\" data-elementor-id=\"16097\" class=\"elementor elementor-16097\">\n\t\t\t\t\t\t<section class=\"elementor-section elementor-top-section elementor-element elementor-element-d31054b elementor-section-height-min-height elementor-section-stretched elementor-hidden-mobile elementor-section-boxed elementor-section-height-default elementor-section-items-middle wd-section-disabled\" data-id=\"d31054b\" data-element_type=\"section\" data-e-type=\"section\" data-settings=\"{&quot;stretch_section&quot;:&quot;section-stretched&quot;,&quot;background_background&quot;:&quot;classic&quot;}\">\n\t\t\t\t\t\t\t<div class=\"elementor-background-overlay\"><\/div>\n\t\t\t\t\t\t\t<div class=\"elementor-container elementor-column-gap-default\">\n\t\t\t\t\t<div class=\"elementor-column elementor-col-100 elementor-top-column elementor-element elementor-element-d2f8283\" data-id=\"d2f8283\" data-element_type=\"column\" data-e-type=\"column\">\n\t\t\t<div class=\"elementor-widget-wrap elementor-element-populated\">\n\t\t\t\t\t\t<div class=\"elementor-element elementor-element-8daee5a elementor-widget elementor-widget-heading\" data-id=\"8daee5a\" data-element_type=\"widget\" data-e-type=\"widget\" data-widget_type=\"heading.default\">\n\t\t\t\t<div class=\"elementor-widget-container\">\n\t\t\t\t\t<h2 class=\"elementor-heading-title elementor-size-default\">Team<\/h2>\t\t\t\t<\/div>\n\t\t\t\t<\/div>\n\t\t\t\t\t<\/div>\n\t\t<\/div>\n\t\t\t\t\t<\/div>\n\t\t<\/section>\n\t\t\t\t<section class=\"elementor-section elementor-top-section elementor-element elementor-element-9072aa0 elementor-section-boxed elementor-section-height-default elementor-section-height-default wd-section-disabled\" data-id=\"9072aa0\" data-element_type=\"section\" data-e-type=\"section\">\n\t\t\t\t\t\t<div class=\"elementor-container elementor-column-gap-default\">\n\t\t\t\t\t<div class=\"elementor-column elementor-col-33 elementor-top-column elementor-element elementor-element-64a0095\" data-id=\"64a0095\" data-element_type=\"column\" data-e-type=\"column\">\n\t\t\t<div class=\"elementor-widget-wrap elementor-element-populated\">\n\t\t\t\t\t\t<div class=\"elementor-element elementor-element-3d25a69 elementor-widget elementor-widget-wd_team_member\" data-id=\"3d25a69\" data-element_type=\"widget\" data-e-type=\"widget\" data-widget_type=\"wd_team_member.default\">\n\t\t\t\t<div class=\"elementor-widget-container\">\n\t\t\t\t\t\t\t<div class=\"team-member member-layout-default text-center\">\n\t\t\t\t\t\t\t<div class=\"member-image-wrapper\">\n\t\t\t\t\t<div class=\"member-image\">\n\t\t\t\t\t\t<img decoding=\"async\" width=\"220\" height=\"220\" src=\"https:\/\/fitnesszone.lu\/wp-content\/uploads\/2023\/12\/FIT_SEV.jpg\" class=\"attachment-full size-full\" alt=\"\" srcset=\"https:\/\/fitnesszone.lu\/wp-content\/uploads\/2023\/12\/FIT_SEV.jpg 220w, https:\/\/fitnesszone.lu\/wp-content\/uploads\/2023\/12\/FIT_SEV-150x150.jpg 150w\" sizes=\"(max-width: 220px) 100vw, 220px\" \/>\t\t\t\t\t<\/div>\n\t\t\t\t<\/div>\n\t\t\t\n\t\t\t<div class=\"member-details set-mb-s reset-last-child\">\n\t\t\t\t\t\t\t\t\t<h4 class=\"member-name\">\n\t\t\t\t\t\tSEVERINE\t\t\t\t\t<\/h4>\n\t\t\t\t\n\t\t\t\t\t\t\t\t\t<div class=\"member-position\">\n\t\t\t\t\t\tPersonal trainer specializing in bodybuilding\t\t\t\t\t<\/div>\n\t\t\t\t\n\t\t\t\t\t\t\t\t\t<div class=\"member-bio\">\n\t\t\t\t\t\t<p>School of sports and adventures, Fitness Professions (bodybuilding and group classes) - BNPS: National First Aid Certificate - AFCPSAM: Certificate of Additional First Aid Training With Equipment - Les Mills training - Dietary balance and hydration training, diabetes, overweight &amp; sports nutrition - Competition in the \u201cBikini\u201d category at the Luxembourg Open in 2013 and at the Top de Colmar in 2014<\/p>\t\t\t\t\t<\/div>\n\t\t\t\t\n\t\t\t\t\t\t\t<\/div>\n\t\t<\/div>\n\t\t\t\t\t\t<\/div>\n\t\t\t\t<\/div>\n\t\t\t\t\t<\/div>\n\t\t<\/div>\n\t\t\t\t<div class=\"elementor-column elementor-col-33 elementor-top-column elementor-element elementor-element-b532522\" data-id=\"b532522\" data-element_type=\"column\" data-e-type=\"column\">\n\t\t\t<div class=\"elementor-widget-wrap elementor-element-populated\">\n\t\t\t\t\t\t<div class=\"elementor-element elementor-element-99e142f elementor-widget elementor-widget-wd_team_member\" data-id=\"99e142f\" data-element_type=\"widget\" data-e-type=\"widget\" data-widget_type=\"wd_team_member.default\">\n\t\t\t\t<div class=\"elementor-widget-container\">\n\t\t\t\t\t\t\t<div class=\"team-member member-layout-default text-center\">\n\t\t\t\t\t\t\t<div class=\"member-image-wrapper\">\n\t\t\t\t\t<div class=\"member-image\">\n\t\t\t\t\t\t<img decoding=\"async\" width=\"220\" height=\"220\" src=\"https:\/\/fitnesszone.lu\/wp-content\/uploads\/2023\/12\/FIT_JOEL.jpg\" class=\"attachment-full size-full\" alt=\"\" srcset=\"https:\/\/fitnesszone.lu\/wp-content\/uploads\/2023\/12\/FIT_JOEL.jpg 220w, https:\/\/fitnesszone.lu\/wp-content\/uploads\/2023\/12\/FIT_JOEL-150x150.jpg 150w\" sizes=\"(max-width: 220px) 100vw, 220px\" \/>\t\t\t\t\t<\/div>\n\t\t\t\t<\/div>\n\t\t\t\n\t\t\t<div class=\"member-details set-mb-s reset-last-child\">\n\t\t\t\t\t\t\t\t\t<h4 class=\"member-name\">\n\t\t\t\t\t\tJOEL\t\t\t\t\t<\/h4>\n\t\t\t\t\n\t\t\t\t\t\t\t\t\t<div class=\"member-position\">\n\t\t\t\t\t\t Hip Hop and Dancehall (Ragga) Dance Instructor\t\t\t\t\t<\/div>\n\t\t\t\t\n\t\t\t\t\t\t\t\t\t<div class=\"member-bio\">\n\t\t\t\t\t\t<p>Leaderfit training basic module Anatomy - Les Mills body Pump and Grit Series training - Cr\u00e9ateur de son propre concept en danse fitness : K-TA dance<\/p>\t\t\t\t\t<\/div>\n\t\t\t\t\n\t\t\t\t\t\t\t<\/div>\n\t\t<\/div>\n\t\t\t\t\t\t<\/div>\n\t\t\t\t<\/div>\n\t\t\t\t\t<\/div>\n\t\t<\/div>\n\t\t\t\t<div class=\"elementor-column elementor-col-33 elementor-top-column elementor-element elementor-element-2b392a8\" data-id=\"2b392a8\" data-element_type=\"column\" data-e-type=\"column\">\n\t\t\t<div class=\"elementor-widget-wrap elementor-element-populated\">\n\t\t\t\t\t\t<div class=\"elementor-element elementor-element-be16473 elementor-widget elementor-widget-wd_team_member\" data-id=\"be16473\" data-element_type=\"widget\" data-e-type=\"widget\" data-widget_type=\"wd_team_member.default\">\n\t\t\t\t<div class=\"elementor-widget-container\">\n\t\t\t\t\t\t\t<div class=\"team-member member-layout-default text-center\">\n\t\t\t\t\t\t\t<div class=\"member-image-wrapper\">\n\t\t\t\t\t<div class=\"member-image\">\n\t\t\t\t\t\t<img decoding=\"async\" width=\"220\" height=\"220\" src=\"https:\/\/fitnesszone.lu\/wp-content\/uploads\/2023\/12\/FIT_SIM.jpg\" class=\"attachment-full size-full\" alt=\"\" srcset=\"https:\/\/fitnesszone.lu\/wp-content\/uploads\/2023\/12\/FIT_SIM.jpg 220w, https:\/\/fitnesszone.lu\/wp-content\/uploads\/2023\/12\/FIT_SIM-150x150.jpg 150w\" sizes=\"(max-width: 220px) 100vw, 220px\" \/>\t\t\t\t\t<\/div>\n\t\t\t\t<\/div>\n\t\t\t\n\t\t\t<div class=\"member-details set-mb-s reset-last-child\">\n\t\t\t\t\t\t\t\t\t<h4 class=\"member-name\">\n\t\t\t\t\t\tSIMONA\t\t\t\t\t<\/h4>\n\t\t\t\t\n\t\t\t\t\t\t\t\t\t<div class=\"member-position\">\n\t\t\t\t\t\tZumba Fitness Instructor\t\t\t\t\t<\/div>\n\t\t\t\t\n\t\t\t\t\t\t\t\t\t<div class=\"member-bio\">\n\t\t\t\t\t\t<p>Piloxing Instructor -\u00a0<br \/>Bratislava Dance School - Luxembourg Open Competition -<br \/>TOP of Colmar in the 2015\/2016 Bikini category<\/p><p>\u00a0<\/p>\t\t\t\t\t<\/div>\n\t\t\t\t\n\t\t\t\t\t\t\t<\/div>\n\t\t<\/div>\n\t\t\t\t\t\t<\/div>\n\t\t\t\t<\/div>\n\t\t\t\t\t<\/div>\n\t\t<\/div>\n\t\t\t\t\t<\/div>\n\t\t<\/section>\n\t\t\t\t<\/div>","protected":false},"excerpt":{"rendered":"<p>\u00c9quipe SEVERINE Coach sportive sp\u00e9cialis\u00e9e en musculation School of sports and adventures, Fitness Professions (bodybuilding and group classes) &#8211; BNPS:<\/p>","protected":false},"author":1,"featured_media":0,"parent":0,"menu_order":0,"comment_status":"closed","ping_status":"closed","template":"","meta":{"footnotes":""},"class_list":["post-16097","page","type-page","status-publish","hentry"],"yoast_head":"<!-- This site is optimized with the Yoast SEO plugin v27.2 - https:\/\/yoast.com\/product\/yoast-seo-wordpress\/ -->\n<title>Equipe - Fitness Zone<\/title>\n<meta name=\"robots\" content=\"index, follow, max-snippet:-1, max-image-preview:large, max-video-preview:-1\" \/>\n<link rel=\"canonical\" href=\"https:\/\/fitnesszone.lu\/en\/equipe\/\" \/>\n<meta property=\"og:locale\" content=\"en_US\" \/>\n<meta property=\"og:type\" content=\"article\" \/>\n<meta property=\"og:title\" content=\"Equipe - Fitness Zone\" \/>\n<meta property=\"og:description\" content=\"\u00c9quipe SEVERINE Coach sportive sp\u00e9cialis\u00e9e en musculation School of sports and adventures, Fitness Professions (bodybuilding and group classes) &#8211; BNPS:\" \/>\n<meta property=\"og:url\" content=\"https:\/\/fitnesszone.lu\/en\/equipe\/\" \/>\n<meta property=\"og:site_name\" content=\"Fitness Zone\" \/>\n<meta property=\"article:publisher\" content=\"https:\/\/www.facebook.com\/fitnesszonehowald\" \/>\n<meta property=\"article:modified_time\" content=\"2024-05-23T14:01:08+00:00\" \/>\n<meta property=\"og:image\" content=\"https:\/\/fitnesszone.lu\/wp-content\/uploads\/2023\/12\/FIT_SEV.jpg\" \/>\n<meta name=\"twitter:card\" content=\"summary_large_image\" \/>\n<meta name=\"twitter:label1\" content=\"Est. reading time\" \/>\n\t<meta name=\"twitter:data1\" content=\"2 minutes\" \/>\n<script type=\"application\/ld+json\" class=\"yoast-schema-graph\">{\"@context\":\"https:\/\/schema.org\",\"@graph\":[{\"@type\":\"WebPage\",\"@id\":\"https:\/\/fitnesszone.lu\/equipe\/\",\"url\":\"https:\/\/fitnesszone.lu\/equipe\/\",\"name\":\"Equipe - Fitness Zone\",\"isPartOf\":{\"@id\":\"https:\/\/fitnesszone.lu\/#website\"},\"primaryImageOfPage\":{\"@id\":\"https:\/\/fitnesszone.lu\/equipe\/#primaryimage\"},\"image\":{\"@id\":\"https:\/\/fitnesszone.lu\/equipe\/#primaryimage\"},\"thumbnailUrl\":\"https:\/\/fitnesszone.lu\/wp-content\/uploads\/2023\/12\/FIT_SEV.jpg\",\"datePublished\":\"2023-12-12T10:53:26+00:00\",\"dateModified\":\"2024-05-23T14:01:08+00:00\",\"breadcrumb\":{\"@id\":\"https:\/\/fitnesszone.lu\/equipe\/#breadcrumb\"},\"inLanguage\":\"en-US\",\"potentialAction\":[{\"@type\":\"ReadAction\",\"target\":[\"https:\/\/fitnesszone.lu\/equipe\/\"]}]},{\"@type\":\"ImageObject\",\"inLanguage\":\"en-US\",\"@id\":\"https:\/\/fitnesszone.lu\/equipe\/#primaryimage\",\"url\":\"https:\/\/fitnesszone.lu\/wp-content\/uploads\/2023\/12\/FIT_SEV.jpg\",\"contentUrl\":\"https:\/\/fitnesszone.lu\/wp-content\/uploads\/2023\/12\/FIT_SEV.jpg\"},{\"@type\":\"BreadcrumbList\",\"@id\":\"https:\/\/fitnesszone.lu\/equipe\/#breadcrumb\",\"itemListElement\":[{\"@type\":\"ListItem\",\"position\":1,\"name\":\"Accueil\",\"item\":\"https:\/\/fitnesszone.lu\/\"},{\"@type\":\"ListItem\",\"position\":2,\"name\":\"Equipe\"}]},{\"@type\":\"WebSite\",\"@id\":\"https:\/\/fitnesszone.lu\/#website\",\"url\":\"https:\/\/fitnesszone.lu\/\",\"name\":\"Fitness Zone\",\"description\":\"\",\"publisher\":{\"@id\":\"https:\/\/fitnesszone.lu\/#organization\"},\"potentialAction\":[{\"@type\":\"SearchAction\",\"target\":{\"@type\":\"EntryPoint\",\"urlTemplate\":\"https:\/\/fitnesszone.lu\/?s={search_term_string}\"},\"query-input\":{\"@type\":\"PropertyValueSpecification\",\"valueRequired\":true,\"valueName\":\"search_term_string\"}}],\"inLanguage\":\"en-US\"},{\"@type\":\"Organization\",\"@id\":\"https:\/\/fitnesszone.lu\/#organization\",\"name\":\"Fitness Zone\",\"url\":\"https:\/\/fitnesszone.lu\/\",\"logo\":{\"@type\":\"ImageObject\",\"inLanguage\":\"en-US\",\"@id\":\"https:\/\/fitnesszone.lu\/#\/schema\/logo\/image\/\",\"url\":\"https:\/\/fitnesszone.lu\/wp-content\/uploads\/2024\/05\/fzone.jpeg\",\"contentUrl\":\"https:\/\/fitnesszone.lu\/wp-content\/uploads\/2024\/05\/fzone.jpeg\",\"width\":225,\"height\":225,\"caption\":\"Fitness Zone\"},\"image\":{\"@id\":\"https:\/\/fitnesszone.lu\/#\/schema\/logo\/image\/\"},\"sameAs\":[\"https:\/\/www.facebook.com\/fitnesszonehowald\",\"https:\/\/www.instagram.com\/fitnesszone_luxembourg\"]}]}<\/script>\n<!-- \/ Yoast SEO plugin. -->","yoast_head_json":{"title":"Equipe - Fitness Zone","robots":{"index":"index","follow":"follow","max-snippet":"max-snippet:-1","max-image-preview":"max-image-preview:large","max-video-preview":"max-video-preview:-1"},"canonical":"https:\/\/fitnesszone.lu\/en\/equipe\/","og_locale":"en_US","og_type":"article","og_title":"Equipe - Fitness Zone","og_description":"\u00c9quipe SEVERINE Coach sportive sp\u00e9cialis\u00e9e en musculation School of sports and adventures, Fitness Professions (bodybuilding and group classes) &#8211; BNPS:","og_url":"https:\/\/fitnesszone.lu\/en\/equipe\/","og_site_name":"Fitness Zone","article_publisher":"https:\/\/www.facebook.com\/fitnesszonehowald","article_modified_time":"2024-05-23T14:01:08+00:00","og_image":[{"url":"https:\/\/fitnesszone.lu\/wp-content\/uploads\/2023\/12\/FIT_SEV.jpg","type":"","width":"","height":""}],"twitter_card":"summary_large_image","twitter_misc":{"Est. reading time":"2 minutes"},"schema":{"@context":"https:\/\/schema.org","@graph":[{"@type":"WebPage","@id":"https:\/\/fitnesszone.lu\/equipe\/","url":"https:\/\/fitnesszone.lu\/equipe\/","name":"Equipe - Fitness Zone","isPartOf":{"@id":"https:\/\/fitnesszone.lu\/#website"},"primaryImageOfPage":{"@id":"https:\/\/fitnesszone.lu\/equipe\/#primaryimage"},"image":{"@id":"https:\/\/fitnesszone.lu\/equipe\/#primaryimage"},"thumbnailUrl":"https:\/\/fitnesszone.lu\/wp-content\/uploads\/2023\/12\/FIT_SEV.jpg","datePublished":"2023-12-12T10:53:26+00:00","dateModified":"2024-05-23T14:01:08+00:00","breadcrumb":{"@id":"https:\/\/fitnesszone.lu\/equipe\/#breadcrumb"},"inLanguage":"en-US","potentialAction":[{"@type":"ReadAction","target":["https:\/\/fitnesszone.lu\/equipe\/"]}]},{"@type":"ImageObject","inLanguage":"en-US","@id":"https:\/\/fitnesszone.lu\/equipe\/#primaryimage","url":"https:\/\/fitnesszone.lu\/wp-content\/uploads\/2023\/12\/FIT_SEV.jpg","contentUrl":"https:\/\/fitnesszone.lu\/wp-content\/uploads\/2023\/12\/FIT_SEV.jpg"},{"@type":"BreadcrumbList","@id":"https:\/\/fitnesszone.lu\/equipe\/#breadcrumb","itemListElement":[{"@type":"ListItem","position":1,"name":"Accueil","item":"https:\/\/fitnesszone.lu\/"},{"@type":"ListItem","position":2,"name":"Equipe"}]},{"@type":"WebSite","@id":"https:\/\/fitnesszone.lu\/#website","url":"https:\/\/fitnesszone.lu\/","name":"Fitness Zone","description":"","publisher":{"@id":"https:\/\/fitnesszone.lu\/#organization"},"potentialAction":[{"@type":"SearchAction","target":{"@type":"EntryPoint","urlTemplate":"https:\/\/fitnesszone.lu\/?s={search_term_string}"},"query-input":{"@type":"PropertyValueSpecification","valueRequired":true,"valueName":"search_term_string"}}],"inLanguage":"en-US"},{"@type":"Organization","@id":"https:\/\/fitnesszone.lu\/#organization","name":"Fitness Zone","url":"https:\/\/fitnesszone.lu\/","logo":{"@type":"ImageObject","inLanguage":"en-US","@id":"https:\/\/fitnesszone.lu\/#\/schema\/logo\/image\/","url":"https:\/\/fitnesszone.lu\/wp-content\/uploads\/2024\/05\/fzone.jpeg","contentUrl":"https:\/\/fitnesszone.lu\/wp-content\/uploads\/2024\/05\/fzone.jpeg","width":225,"height":225,"caption":"Fitness Zone"},"image":{"@id":"https:\/\/fitnesszone.lu\/#\/schema\/logo\/image\/"},"sameAs":["https:\/\/www.facebook.com\/fitnesszonehowald","https:\/\/www.instagram.com\/fitnesszone_luxembourg"]}]}},"jetpack_sharing_enabled":true,"_links":{"self":[{"href":"https:\/\/fitnesszone.lu\/en\/wp-json\/wp\/v2\/pages\/16097","targetHints":{"allow":["GET"]}}],"collection":[{"href":"https:\/\/fitnesszone.lu\/en\/wp-json\/wp\/v2\/pages"}],"about":[{"href":"https:\/\/fitnesszone.lu\/en\/wp-json\/wp\/v2\/types\/page"}],"author":[{"embeddable":true,"href":"https:\/\/fitnesszone.lu\/en\/wp-json\/wp\/v2\/users\/1"}],"replies":[{"embeddable":true,"href":"https:\/\/fitnesszone.lu\/en\/wp-json\/wp\/v2\/comments?post=16097"}],"version-history":[{"count":4,"href":"https:\/\/fitnesszone.lu\/en\/wp-json\/wp\/v2\/pages\/16097\/revisions"}],"predecessor-version":[{"id":16779,"href":"https:\/\/fitnesszone.lu\/en\/wp-json\/wp\/v2\/pages\/16097\/revisions\/16779"}],"wp:attachment":[{"href":"https:\/\/fitnesszone.lu\/en\/wp-json\/wp\/v2\/media?parent=16097"}],"curies":[{"name":"wp","href":"https:\/\/api.w.org\/{rel}","templated":true}]}}