{"id":16985,"date":"2025-03-31T16:37:28","date_gmt":"2025-03-31T15:37:28","guid":{"rendered":"https:\/\/fitnesszone.lu\/?page_id=16985"},"modified":"2025-10-23T15:20:42","modified_gmt":"2025-10-23T14:20:42","slug":"terms-and-conditions","status":"publish","type":"page","link":"https:\/\/fitnesszone.lu\/en\/terms-and-conditions\/","title":{"rendered":"Terms and Conditions"},"content":{"rendered":"<div data-elementor-type=\"wp-page\" data-elementor-id=\"16985\" class=\"elementor elementor-16985\">\n\t\t\t\t\t\t<section class=\"elementor-section elementor-top-section elementor-element elementor-element-18d0066 elementor-section-boxed elementor-section-height-default elementor-section-height-default wd-section-disabled\" data-id=\"18d0066\" data-element_type=\"section\" data-e-type=\"section\">\n\t\t\t\t\t\t<div class=\"elementor-container elementor-column-gap-default\">\n\t\t\t\t\t<div class=\"elementor-column elementor-col-100 elementor-top-column elementor-element elementor-element-47fc7b9\" data-id=\"47fc7b9\" data-element_type=\"column\" data-e-type=\"column\">\n\t\t\t<div class=\"elementor-widget-wrap elementor-element-populated\">\n\t\t\t\t\t\t<div class=\"elementor-element elementor-element-6e697f5 elementor-widget elementor-widget-wd_title\" data-id=\"6e697f5\" data-element_type=\"widget\" data-e-type=\"widget\" data-widget_type=\"wd_title.default\">\n\t\t\t\t<div class=\"elementor-widget-container\">\n\t\t\t\t\t\t\t<div class=\"title-wrapper set-mb-s reset-last-child wd-title-color-default wd-title-style-default wd-title-size-default text-center\">\n\n\t\t\t\n\t\t\t<div class=\"liner-continer\">\n\t\t\t\t<h4 class=\"woodmart-title-container title wd-fontsize-l\">Conditions G\u00e9n\u00e9rales de Vente<\/h4> \n\t\t\t\t\t\t\t<\/div>\n\n\t\t\t\t\t<\/div>\n\t\t\t\t\t\t<\/div>\n\t\t\t\t<\/div>\n\t\t\t\t<div class=\"elementor-element elementor-element-eaf99e7 elementor-widget elementor-widget-wd_text_block\" data-id=\"eaf99e7\" data-element_type=\"widget\" data-e-type=\"widget\" data-widget_type=\"wd_text_block.default\">\n\t\t\t\t<div class=\"elementor-widget-container\">\n\t\t\t\t\t\t\t<div class=\"wd-text-block reset-last-child text-left\">\n\t\t\t\n\t\t\t<p>Fitness Zone<br \/>103, rue des Bruy\u00e8res<br \/>L-1274 Howald<br \/>Banque G\u00e9n\u00e9rale de Luxembourg<br \/>N\u00b0 IBAN : IBAN LU72 0030 7644 4219 0000<br \/>Soci\u00e9t\u00e9 exploitante : Phone It s\u00e0rl<br \/>Matricule : 1995 24 07 913<\/p><p>1- L\u2019adh\u00e9rent b\u00e9n\u00e9ficiera de l'ensemble des services du club selon le type d'abonnement souscrit pendant la dur\u00e9e de celui-ci. Les services consistent notamment en la possibilit\u00e9 de pratiquer des activit\u00e9s sportives et de d\u00e9tente diverses et vari\u00e9es sous le contr\u00f4le de professeurs qualifi\u00e9s.<\/p><p>2- Toute adh\u00e9sion contract\u00e9e est due dans son int\u00e9gralit\u00e9, m\u00eame en cas d'octroi de d\u00e9lai de paiement. Pour toute adh\u00e9sion non-r\u00e9gl\u00e9e dans sa totalit\u00e9, le solde reste d\u00fb. La non fr\u00e9quentation du club, pour quelque cause que ce soit, ne pourra entra\u00eener aucun remboursement total ou partiel, ni une r\u00e9siliation anticip\u00e9e. En cas d\u2019incident de paiement, l\u2019abonn\u00e9 est automatiquement mis en demeure de r\u00e9gler son impay\u00e9 sous 15 jours suivants la date de rejet. Au titre de non respect de l\u2019\u00e9ch\u00e9ancier octroy\u00e9, la direction se r\u00e9serve le droit de demander le r\u00e8glement de la cotisation dans son int\u00e9gralit\u00e9 en cas d\u2019incidents de paiement non r\u00e9gularis\u00e9s ou r\u00e9currents. Fitness Zone pourra si n\u00e9cessaire mandater l\u2019organisme de recouvrement Cr\u00e9dit Reforme pour recouvrir la cr\u00e9ance. Tous les frais que pourraient engendrer cette action seront \u00e0 la charge de l\u2019adh\u00e9rent.<\/p><p>3- Les horaires d'acc\u00e8s au club et des activit\u00e9s sont affich\u00e9s \u00e0 la r\u00e9ception. Compte tenu des multiples activit\u00e9s propos\u00e9es, l'interruption, la suppression ou l\u2019inaptitude \u00e0 la pratique d'une ou plusieurs d'entre elles ne pourront entra\u00eener en aucun cas l\u2019annulation, prolongation du contrat, ni contrepartie financi\u00e8re. Les horaires d'acc\u00e8s au club ainsi que les horaires de cours pourront \u00eatre modul\u00e9s en fonction des besoins.<\/p><p>4- Le paiement de l'adh\u00e9sion se fait au comptant, par ordre permanent, ou par carte de cr\u00e9dit sur le site internet, le jour de la signature du pr\u00e9sent contrat. Tout achat d'un service sur le site internet vaut acceptation des pr\u00e9sentes conditions g\u00e9n\u00e9rales de vente. Les droits de l'adh\u00e9rent sont incessibles, intransmissibles et personnels. Ils lui permettent de b\u00e9n\u00e9ficier des installations du club Fitness Zone en fonction de l'abonnement souscrit. Les droits de l'adh\u00e9rent sont repr\u00e9sent\u00e9s par la carte de membre qu'il re\u00e7oit et qu'il devra pr\u00e9senter lors de son passage pour acc\u00e9der aux diverses activit\u00e9s.<\/p><p>5- Toute personne d\u00e9sirant adh\u00e9rer au club devra fournir un certificat m\u00e9dical, datant de moins de 3 mois, attestant de l\u2019aptitude \u00e0 la pratique des prestations propos\u00e9es par le centre. L'adh\u00e9rent n'ayant pas rempli cette obligation pratiquera uniquement sous sa propre responsabilit\u00e9. Il reconnait qu\u2019aucune suite favorable ne sera donn\u00e9e \u00e0 une demande de r\u00e9siliation pour cause m\u00e9dicale r\u00e9sultant d\u2019une inaptitude ant\u00e9rieure \u00e0 la date de signature du contrat. Si l\u2019adh\u00e9rent pr\u00e9sente un certificat m\u00e9dical attestant d\u2019une inaptitude temporaire \u00e0 la pratique sportive, le r\u00e8glement de la cotisation est d\u00fb, m\u00eame durant la p\u00e9riode d\u2019arr\u00eat. La p\u00e9riode de non fr\u00e9quentation li\u00e9e \u00e0 cette inaptitude sera report\u00e9e dans le cadre de l\u2019assurance s\u00e9r\u00e9nit\u00e9.<\/p><p>6- L'adh\u00e9rent sera tenu de respecter le r\u00e8glement int\u00e9rieur et les indications affich\u00e9es dans l'\u00e9tablissement. La violation de ces normes ainsi que le non respect du pr\u00e9sent r\u00e8glement, tout comme l\u2019usage frauduleux de la carte entra\u00eenera la rupture imm\u00e9diate du contrat sans que l'adh\u00e9rent puisse pr\u00e9tendre \u00e0 contrepartie financi\u00e8re. La direction se r\u00e9serve le droit d\u2019exclure toute personne dont le comportement serait notoirement g\u00eanant pour le centre et pour les autres adh\u00e9rents, et ce sans remboursement ni compensation d\u2019aucune sorte.<\/p><p>7- Fitness Zone est assur\u00e9 pour les dommages engageant sa responsabilit\u00e9 civile mais ne pourra \u00eatre recherch\u00e9 en cas d'accident r\u00e9sultant de l'inobservation des consignes de s\u00e9curit\u00e9 et de la mauvaise utilisation du mat\u00e9riel.<\/p><p>8- En cas de vol, Fitness Zone d\u00e9cline toute responsabilit\u00e9, de plus pour tout bien de valeur, l'adh\u00e9rent est pri\u00e9 de le d\u00e9poser \u00e0 l'accueil du club pendant la dur\u00e9e de son entra\u00eenement.<\/p><p>9- En cas d'accident, l'adh\u00e9rent est tenu de faire la d\u00e9claration dans un d\u00e9lai de 48 heures aupr\u00e8s de la Direction du club par \u00e9crit.<\/p><p>10- La carte de membre, et l\u2019abonnement associ\u00e9, sont strictement nominatifs et doivent \u00eatre pr\u00e9sent\u00e9s \u00e0 l'accueil \u00e0 chaque s\u00e9ance. La perte de la carte de membre tout comme celle de cl\u00e9 de casier sera factur\u00e9e 15 \u20ac.<\/p><p>11- Une paire de chaussures r\u00e9serv\u00e9e uniquement \u00e0 un usage int\u00e9rieur ainsi qu'une serviette est obligatoire.<\/p><p>12- La dur\u00e9e d\u2019une s\u00e9ance Power Plate est de 20 min. Les abonnements Golden Plate et Silver Plate donnent respectivement droit \u00e0 3 et 2 s\u00e9ances par semaine (du lundi au vendredi). Toute s\u00e9ance non effectu\u00e9e ne sera pas report\u00e9e et ne donnera droit \u00e0 compensation d\u2019aucune sorte. L\u2019engagement minimum de ces abonnements est de 3 mois minimum. Ces abonnements sont soumis aux m\u00eames conditions de r\u00e9siliation que les abonnements fitness.<\/p><p>13- Au terme de l\u2019engagement initial, sauf d\u00e9nonciation conforme aux pr\u00e9sentes conditions g\u00e9n\u00e9rales d\u2019abonnement, le contrat est reconduit tacitement pour la dur\u00e9e du pack souscrit.<\/p><p>14- En cas de litige, la loi applicable au pr\u00e9sent r\u00e8glement est la loi luxembourgeoise.<\/p>\n\t\t\t\t\t<\/div>\n\t\t\t\t\t\t<\/div>\n\t\t\t\t<\/div>\n\t\t\t\t<div class=\"elementor-element elementor-element-65d1202 elementor-widget elementor-widget-wd_title\" data-id=\"65d1202\" data-element_type=\"widget\" data-e-type=\"widget\" data-widget_type=\"wd_title.default\">\n\t\t\t\t<div class=\"elementor-widget-container\">\n\t\t\t\t\t\t\t<div class=\"title-wrapper set-mb-s reset-last-child wd-title-color-default wd-title-style-default wd-title-size-default text-center\">\n\n\t\t\t\n\t\t\t<div class=\"liner-continer\">\n\t\t\t\t<h4 class=\"woodmart-title-container title wd-fontsize-l\">General Terms and Conditions of Sale<\/h4> \n\t\t\t\t\t\t\t<\/div>\n\n\t\t\t\t\t<\/div>\n\t\t\t\t\t\t<\/div>\n\t\t\t\t<\/div>\n\t\t\t\t<div class=\"elementor-element elementor-element-a428906 elementor-widget elementor-widget-wd_text_block\" data-id=\"a428906\" data-element_type=\"widget\" data-e-type=\"widget\" data-widget_type=\"wd_text_block.default\">\n\t\t\t\t<div class=\"elementor-widget-container\">\n\t\t\t\t\t\t\t<div class=\"wd-text-block reset-last-child text-left\">\n\t\t\t\n\t\t\t<p>Fitness Zone<br \/>103, rue des Bruy\u00e8res<br \/>L-1274 Howald<br \/>Banque G\u00e9n\u00e9rale de Luxembourg<br \/>IBAN No.: IBAN LU72 0030 7644 4219 0000<br \/>Operating Company: Phone It s\u00e0rl<\/p><p>1- The member will benefit from all the club's services according to the type of subscription purchased for its duration. The services include, in particular, the opportunity to engage in various sports and relaxation activities under the supervision of qualified instructors.<\/p><p>2- Any contracted membership is due in full, even if a payment deferral is granted. For any membership not fully paid, the balance remains due. Non-attendance at the club, for any reason, will not result in any total or partial refund or early termination. In case of a payment incident, the subscriber is automatically notified to settle the outstanding amount within 15 days following the rejection date. If the granted payment schedule is not respected, the management reserves the right to demand full payment of the subscription in case of unresolved or recurrent payment issues. If necessary, Fitness Zone may mandate the collection agency Cr\u00e9dit Reforme to recover the debt. All costs incurred by this action will be borne by the member.<\/p><p>3- The club's access hours and activity schedules are posted at the reception. Given the multiple activities offered, the interruption, cancellation, or inability to participate in one or more of them will not, under any circumstances, lead to the cancellation, extension of the contract, or financial compensation. The club's access hours and class schedules may be adjusted based on needs.<\/p><p>4- Membership payment is made in full, by standing order, or by credit card on the website, on the day of signing this contract. Any purchase of a service on the website constitutes acceptance of these general terms and conditions of sale. The member's rights are non-transferable, non-assignable, and personal. They allow access to the club's facilities based on the subscribed membership. The member's rights are represented by the membership card they receive, which must be presented upon arrival to access the various activities.<\/p><p>5- Any person wishing to join the club must provide a medical certificate dated within the last three months, attesting to their fitness to engage in the activities offered by the center. A member who has not fulfilled this obligation will practice solely under their own responsibility. They acknowledge that no favorable response will be given to a termination request due to a medical condition resulting from an inability that existed before signing the contract. If the member presents a medical certificate indicating temporary incapacity to practice sports, the membership fee remains due, even during the period of inactivity. The non-attendance period due to this incapacity will be postponed under the \"Serenity Insurance\" coverage.<\/p><p>6- The member must comply with the internal regulations and the instructions displayed in the establishment. Violating these rules, as well as failure to comply with these regulations or fraudulent use of the membership card, will result in immediate contract termination without any financial compensation. The management reserves the right to exclude any person whose behavior is notably disruptive to the center and other members, without refund or compensation.<\/p><p>7- Fitness Zone is insured for damages involving its civil liability but cannot be held liable in case of an accident resulting from non-compliance with safety instructions or improper use of equipment.<\/p><p>8- In case of theft, Fitness Zone declines all responsibility. Additionally, for any valuable items, the member is advised to deposit them at the club's reception during their training session.<\/p><p>9- In case of an accident, the member must report it in writing to the club's management within 48 hours.<\/p><p>10- The membership card and the associated subscription are strictly personal and must be presented at reception for each session. The loss of the membership card or locker key will be charged at \u20ac15.<\/p><p>11- A pair of shoes designated exclusively for indoor use and a towel are mandatory.<\/p><p>12- A Power Plate session lasts 20 minutes. The Golden Plate and Silver Plate subscriptions grant access to 3 and 2 sessions per week, respectively (Monday to Friday). Any unused session will not be carried forward or compensated in any way. The minimum commitment for these subscriptions is 3 months. These subscriptions are subject to the same cancellation conditions as fitness subscriptions.<\/p><p>13- At the end of the initial commitment period, unless terminated in accordance with these general subscription conditions, the contract is automatically renewed for the duration of the subscribed package.<\/p><p>14- In case of a dispute, the law applicable to these regulations is Luxembourg law.<\/p><p>\u00a0<\/p>\n\t\t\t\t\t<\/div>\n\t\t\t\t\t\t<\/div>\n\t\t\t\t<\/div>\n\t\t\t\t\t<\/div>\n\t\t<\/div>\n\t\t\t\t\t<\/div>\n\t\t<\/section>\n\t\t\t\t<\/div>","protected":false},"excerpt":{"rendered":"<p>Conditions G\u00e9n\u00e9rales de Vente Fitness Zone103, rue des Bruy\u00e8resL-1274 HowaldBanque G\u00e9n\u00e9rale de LuxembourgN\u00b0 IBAN : IBAN LU72 0030 7644 4219<\/p>","protected":false},"author":2,"featured_media":0,"parent":0,"menu_order":0,"comment_status":"closed","ping_status":"closed","template":"elementor_header_footer","meta":{"footnotes":""},"class_list":["post-16985","page","type-page","status-publish","hentry"],"yoast_head":"<!-- This site is optimized with the Yoast SEO plugin v27.2 - https:\/\/yoast.com\/product\/yoast-seo-wordpress\/ -->\n<title>Terms and Conditions - Fitness Zone<\/title>\n<meta name=\"description\" content=\"Terms and Conditions Fitness Zone | Conditions G\u00e9n\u00e9rales de Vente Fitness Zone | 103, rue des Bruy\u00e8res L-1274 Howald\" \/>\n<meta name=\"robots\" content=\"index, follow, max-snippet:-1, max-image-preview:large, max-video-preview:-1\" \/>\n<link rel=\"canonical\" href=\"https:\/\/fitnesszone.lu\/en\/terms-and-conditions\/\" \/>\n<meta property=\"og:locale\" content=\"en_US\" \/>\n<meta property=\"og:type\" content=\"article\" \/>\n<meta property=\"og:title\" content=\"Terms and Conditions - Fitness Zone\" \/>\n<meta property=\"og:description\" content=\"Terms and Conditions Fitness Zone | Conditions G\u00e9n\u00e9rales de Vente Fitness Zone | 103, rue des Bruy\u00e8res L-1274 Howald\" \/>\n<meta property=\"og:url\" content=\"https:\/\/fitnesszone.lu\/en\/terms-and-conditions\/\" \/>\n<meta property=\"og:site_name\" content=\"Fitness Zone\" \/>\n<meta property=\"article:publisher\" content=\"https:\/\/www.facebook.com\/fitnesszonehowald\" \/>\n<meta property=\"article:modified_time\" content=\"2025-10-23T14:20:42+00:00\" \/>\n<meta property=\"og:image\" content=\"https:\/\/fitnesszone.lu\/wp-content\/uploads\/2024\/05\/fzone.jpeg\" \/>\n\t<meta property=\"og:image:width\" content=\"225\" \/>\n\t<meta property=\"og:image:height\" content=\"225\" \/>\n\t<meta property=\"og:image:type\" content=\"image\/jpeg\" \/>\n<meta name=\"twitter:card\" content=\"summary_large_image\" \/>\n<meta name=\"twitter:label1\" content=\"Est. reading time\" \/>\n\t<meta name=\"twitter:data1\" content=\"9 minutes\" \/>\n<script type=\"application\/ld+json\" class=\"yoast-schema-graph\">{\"@context\":\"https:\/\/schema.org\",\"@graph\":[{\"@type\":\"WebPage\",\"@id\":\"https:\/\/fitnesszone.lu\/terms-and-conditions\/\",\"url\":\"https:\/\/fitnesszone.lu\/terms-and-conditions\/\",\"name\":\"Terms and Conditions - Fitness Zone\",\"isPartOf\":{\"@id\":\"https:\/\/fitnesszone.lu\/#website\"},\"datePublished\":\"2025-03-31T15:37:28+00:00\",\"dateModified\":\"2025-10-23T14:20:42+00:00\",\"description\":\"Terms and Conditions Fitness Zone | Conditions G\u00e9n\u00e9rales de Vente Fitness Zone | 103, rue des Bruy\u00e8res L-1274 Howald\",\"breadcrumb\":{\"@id\":\"https:\/\/fitnesszone.lu\/terms-and-conditions\/#breadcrumb\"},\"inLanguage\":\"en-US\",\"potentialAction\":[{\"@type\":\"ReadAction\",\"target\":[\"https:\/\/fitnesszone.lu\/terms-and-conditions\/\"]}]},{\"@type\":\"BreadcrumbList\",\"@id\":\"https:\/\/fitnesszone.lu\/terms-and-conditions\/#breadcrumb\",\"itemListElement\":[{\"@type\":\"ListItem\",\"position\":1,\"name\":\"Accueil\",\"item\":\"https:\/\/fitnesszone.lu\/\"},{\"@type\":\"ListItem\",\"position\":2,\"name\":\"Terms and Conditions\"}]},{\"@type\":\"WebSite\",\"@id\":\"https:\/\/fitnesszone.lu\/#website\",\"url\":\"https:\/\/fitnesszone.lu\/\",\"name\":\"Fitness Zone\",\"description\":\"\",\"publisher\":{\"@id\":\"https:\/\/fitnesszone.lu\/#organization\"},\"potentialAction\":[{\"@type\":\"SearchAction\",\"target\":{\"@type\":\"EntryPoint\",\"urlTemplate\":\"https:\/\/fitnesszone.lu\/?s={search_term_string}\"},\"query-input\":{\"@type\":\"PropertyValueSpecification\",\"valueRequired\":true,\"valueName\":\"search_term_string\"}}],\"inLanguage\":\"en-US\"},{\"@type\":\"Organization\",\"@id\":\"https:\/\/fitnesszone.lu\/#organization\",\"name\":\"Fitness Zone\",\"url\":\"https:\/\/fitnesszone.lu\/\",\"logo\":{\"@type\":\"ImageObject\",\"inLanguage\":\"en-US\",\"@id\":\"https:\/\/fitnesszone.lu\/#\/schema\/logo\/image\/\",\"url\":\"https:\/\/fitnesszone.lu\/wp-content\/uploads\/2024\/05\/fzone.jpeg\",\"contentUrl\":\"https:\/\/fitnesszone.lu\/wp-content\/uploads\/2024\/05\/fzone.jpeg\",\"width\":225,\"height\":225,\"caption\":\"Fitness Zone\"},\"image\":{\"@id\":\"https:\/\/fitnesszone.lu\/#\/schema\/logo\/image\/\"},\"sameAs\":[\"https:\/\/www.facebook.com\/fitnesszonehowald\",\"https:\/\/www.instagram.com\/fitnesszone_luxembourg\"]}]}<\/script>\n<!-- \/ Yoast SEO plugin. -->","yoast_head_json":{"title":"Terms and Conditions - Fitness Zone","description":"Terms and Conditions Fitness Zone | Conditions G\u00e9n\u00e9rales de Vente Fitness Zone | 103, rue des Bruy\u00e8res L-1274 Howald","robots":{"index":"index","follow":"follow","max-snippet":"max-snippet:-1","max-image-preview":"max-image-preview:large","max-video-preview":"max-video-preview:-1"},"canonical":"https:\/\/fitnesszone.lu\/en\/terms-and-conditions\/","og_locale":"en_US","og_type":"article","og_title":"Terms and Conditions - Fitness Zone","og_description":"Terms and Conditions Fitness Zone | Conditions G\u00e9n\u00e9rales de Vente Fitness Zone | 103, rue des Bruy\u00e8res L-1274 Howald","og_url":"https:\/\/fitnesszone.lu\/en\/terms-and-conditions\/","og_site_name":"Fitness Zone","article_publisher":"https:\/\/www.facebook.com\/fitnesszonehowald","article_modified_time":"2025-10-23T14:20:42+00:00","og_image":[{"width":225,"height":225,"url":"https:\/\/fitnesszone.lu\/wp-content\/uploads\/2024\/05\/fzone.jpeg","type":"image\/jpeg"}],"twitter_card":"summary_large_image","twitter_misc":{"Est. reading time":"9 minutes"},"schema":{"@context":"https:\/\/schema.org","@graph":[{"@type":"WebPage","@id":"https:\/\/fitnesszone.lu\/terms-and-conditions\/","url":"https:\/\/fitnesszone.lu\/terms-and-conditions\/","name":"Terms and Conditions - Fitness Zone","isPartOf":{"@id":"https:\/\/fitnesszone.lu\/#website"},"datePublished":"2025-03-31T15:37:28+00:00","dateModified":"2025-10-23T14:20:42+00:00","description":"Terms and Conditions Fitness Zone | Conditions G\u00e9n\u00e9rales de Vente Fitness Zone | 103, rue des Bruy\u00e8res L-1274 Howald","breadcrumb":{"@id":"https:\/\/fitnesszone.lu\/terms-and-conditions\/#breadcrumb"},"inLanguage":"en-US","potentialAction":[{"@type":"ReadAction","target":["https:\/\/fitnesszone.lu\/terms-and-conditions\/"]}]},{"@type":"BreadcrumbList","@id":"https:\/\/fitnesszone.lu\/terms-and-conditions\/#breadcrumb","itemListElement":[{"@type":"ListItem","position":1,"name":"Accueil","item":"https:\/\/fitnesszone.lu\/"},{"@type":"ListItem","position":2,"name":"Terms and Conditions"}]},{"@type":"WebSite","@id":"https:\/\/fitnesszone.lu\/#website","url":"https:\/\/fitnesszone.lu\/","name":"Fitness Zone","description":"","publisher":{"@id":"https:\/\/fitnesszone.lu\/#organization"},"potentialAction":[{"@type":"SearchAction","target":{"@type":"EntryPoint","urlTemplate":"https:\/\/fitnesszone.lu\/?s={search_term_string}"},"query-input":{"@type":"PropertyValueSpecification","valueRequired":true,"valueName":"search_term_string"}}],"inLanguage":"en-US"},{"@type":"Organization","@id":"https:\/\/fitnesszone.lu\/#organization","name":"Fitness Zone","url":"https:\/\/fitnesszone.lu\/","logo":{"@type":"ImageObject","inLanguage":"en-US","@id":"https:\/\/fitnesszone.lu\/#\/schema\/logo\/image\/","url":"https:\/\/fitnesszone.lu\/wp-content\/uploads\/2024\/05\/fzone.jpeg","contentUrl":"https:\/\/fitnesszone.lu\/wp-content\/uploads\/2024\/05\/fzone.jpeg","width":225,"height":225,"caption":"Fitness Zone"},"image":{"@id":"https:\/\/fitnesszone.lu\/#\/schema\/logo\/image\/"},"sameAs":["https:\/\/www.facebook.com\/fitnesszonehowald","https:\/\/www.instagram.com\/fitnesszone_luxembourg"]}]}},"jetpack_sharing_enabled":true,"_links":{"self":[{"href":"https:\/\/fitnesszone.lu\/en\/wp-json\/wp\/v2\/pages\/16985","targetHints":{"allow":["GET"]}}],"collection":[{"href":"https:\/\/fitnesszone.lu\/en\/wp-json\/wp\/v2\/pages"}],"about":[{"href":"https:\/\/fitnesszone.lu\/en\/wp-json\/wp\/v2\/types\/page"}],"author":[{"embeddable":true,"href":"https:\/\/fitnesszone.lu\/en\/wp-json\/wp\/v2\/users\/2"}],"replies":[{"embeddable":true,"href":"https:\/\/fitnesszone.lu\/en\/wp-json\/wp\/v2\/comments?post=16985"}],"version-history":[{"count":10,"href":"https:\/\/fitnesszone.lu\/en\/wp-json\/wp\/v2\/pages\/16985\/revisions"}],"predecessor-version":[{"id":17442,"href":"https:\/\/fitnesszone.lu\/en\/wp-json\/wp\/v2\/pages\/16985\/revisions\/17442"}],"wp:attachment":[{"href":"https:\/\/fitnesszone.lu\/en\/wp-json\/wp\/v2\/media?parent=16985"}],"curies":[{"name":"wp","href":"https:\/\/api.w.org\/{rel}","templated":true}]}}