{"id":3,"date":"2023-12-01T07:45:15","date_gmt":"2023-12-01T07:45:15","guid":{"rendered":"http:\/\/fitnesszone.shapersportfolio.in\/?page_id=3"},"modified":"2024-10-16T01:19:34","modified_gmt":"2024-10-15T23:19:34","slug":"privacy-policy","status":"publish","type":"page","link":"https:\/\/fitnesszone.lu\/en\/privacy-policy\/","title":{"rendered":"Privacy Policy"},"content":{"rendered":"\t\t<div data-elementor-type=\"wp-page\" data-elementor-id=\"3\" class=\"elementor elementor-3\">\n\t\t\t\t\t\t<section class=\"elementor-section elementor-top-section elementor-element elementor-element-681600b3 elementor-section-boxed elementor-section-height-default elementor-section-height-default wd-section-disabled\" data-id=\"681600b3\" data-element_type=\"section\" data-e-type=\"section\">\n\t\t\t\t\t\t<div class=\"elementor-container elementor-column-gap-default\">\n\t\t\t\t\t<div class=\"elementor-column elementor-col-100 elementor-top-column elementor-element elementor-element-43a95094\" data-id=\"43a95094\" data-element_type=\"column\" data-e-type=\"column\">\n\t\t\t<div class=\"elementor-widget-wrap elementor-element-populated\">\n\t\t\t\t\t\t<div class=\"elementor-element elementor-element-4b95079f color-scheme-inherit text-left elementor-widget elementor-widget-text-editor\" data-id=\"4b95079f\" data-element_type=\"widget\" data-e-type=\"widget\" data-widget_type=\"text-editor.default\">\n\t\t\t\t<div class=\"elementor-widget-container\">\n\t\t\t\t\t\t\t\t\t\n<h2 class=\"wp-block-heading\">\u00c9diteur du site<\/h2>\n<p><strong>FitnessZone<\/strong><\/p>\n<p>Adresse : 103 Rue des Bruy\u00e8res, 1274 Howald<br \/>T\u00e9l\u00e9phone : [Votre num\u00e9ro de t\u00e9l\u00e9phone]<br \/>Email : <a rel=\"noopener\">info@fitnesszone.lu<\/a><\/p>\n<h2>Propri\u00e9t\u00e9 Intellectuelle<\/h2>\n<p>L&rsquo;ensemble du contenu du site <strong>fitnesszone.lu<\/strong>, incluant les textes, images, graphismes, logos, ic\u00f4nes, sons et logiciels, est la propri\u00e9t\u00e9 de <strong>FitnessZone<\/strong> ou de ses partenaires et est prot\u00e9g\u00e9 par les lois luxembourgeoises et internationales relatives \u00e0 la propri\u00e9t\u00e9 intellectuelle.<\/p>\n<p>Toute reproduction, distribution, modification, adaptation, retransmission ou publication, m\u00eame partielle, de ces \u00e9l\u00e9ments est strictement interdite sans l&rsquo;accord \u00e9crit pr\u00e9alable de <strong>FitnessZone<\/strong>.<\/p>\n<h2>Donn\u00e9es Personnelles<\/h2>\n<p>Les informations recueillies sur le site <strong>fitnesszone.lu<\/strong> sont destin\u00e9es \u00e0 r\u00e9pondre \u00e0 vos demandes d&rsquo;informations et \u00e0 vous inscrire \u00e0 notre newsletter.<\/p>\n<p>Conform\u00e9ment \u00e0 la loi modifi\u00e9e du 2 ao\u00fbt 2002 relative \u00e0 la protection des personnes \u00e0 l&rsquo;\u00e9gard du traitement des donn\u00e9es \u00e0 caract\u00e8re personnel, vous b\u00e9n\u00e9ficiez d&rsquo;un droit d&rsquo;acc\u00e8s, de rectification et de suppression des informations vous concernant. Vous pouvez exercer ce droit en nous contactant :<\/p>\n<p>Email : <a rel=\"noopener\">info@fitnesszone.lu<\/a><br \/>Adresse : 103 Rue des Bruy\u00e8res, 1274 Howald<\/p>\n<h2>Cookies<\/h2>\n<p>Le site <strong>fitnesszone.lu<\/strong> peut utiliser des cookies pour am\u00e9liorer l&rsquo;exp\u00e9rience utilisateur, r\u00e9aliser des statistiques d&rsquo;audience et vous proposer des services adapt\u00e9s \u00e0 vos centres d&rsquo;int\u00e9r\u00eat.<\/p>\n<p>Vous pouvez configurer votre navigateur pour accepter ou refuser les cookies. Aucun cookie ne sera d\u00e9pos\u00e9 sans votre consentement.<\/p>\n<h2>Limitation de Responsabilit\u00e9<\/h2>\n<p>Les informations diffus\u00e9es sur le site <strong>fitnesszone.lu<\/strong> sont r\u00e9put\u00e9es fiables. Toutefois, <strong>FitnessZone<\/strong> ne garantit pas que le site soit exempt de d\u00e9fauts, d&rsquo;erreurs ou d&rsquo;omissions.<\/p>\n<p>L&rsquo;utilisateur est seul responsable de l&rsquo;utilisation qu&rsquo;il fait du contenu du site. <strong>FitnessZone<\/strong> ne saurait \u00eatre tenu responsable des dommages directs ou indirects r\u00e9sultant de l&rsquo;utilisation des informations fournies.<\/p>\n<h2>Liens Hypertextes<\/h2>\n<p>Le site <strong>fitnesszone.lu<\/strong> peut contenir des liens vers d&rsquo;autres sites web sur lesquels <strong>FitnessZone<\/strong> n&rsquo;exerce aucun contr\u00f4le. Malgr\u00e9 les v\u00e9rifications pr\u00e9alables, <strong>FitnessZone<\/strong> d\u00e9cline toute responsabilit\u00e9 quant aux contenus de ces sites.<\/p>\n<h2>Droit Applicable<\/h2>\n<p>Les pr\u00e9sentes mentions l\u00e9gales sont r\u00e9gies par le droit luxembourgeois. En cas de litige, et apr\u00e8s l&rsquo;\u00e9chec de toute tentative de recherche d&rsquo;une solution amiable, les tribunaux luxembourgeois seront seuls comp\u00e9tents.<\/p>\n<hr \/>\n<p><em>Pour toute question relative aux mentions l\u00e9gales du site, veuillez nous contacter \u00e0 l&rsquo;adresse suivante : <a rel=\"noopener\">info@fitnesszone.lu<\/a>.<\/em><\/p>\t\t\t\t\t\t\t\t<\/div>\n\t\t\t\t<\/div>\n\t\t\t\t\t<\/div>\n\t\t<\/div>\n\t\t\t\t\t<\/div>\n\t\t<\/section>\n\t\t\t\t<\/div>\n\t\t","protected":false},"excerpt":{"rendered":"<p>\u00c9diteur du site FitnessZone Adresse : 103 Rue des Bruy\u00e8res, 1274 HowaldT\u00e9l\u00e9phone : [Votre num\u00e9ro de t\u00e9l\u00e9phone]Email : info@fitnesszone.lu Propri\u00e9t\u00e9<\/p>\n","protected":false},"author":1,"featured_media":0,"parent":0,"menu_order":0,"comment_status":"closed","ping_status":"open","template":"","meta":{"footnotes":""},"class_list":["post-3","page","type-page","status-publish","hentry"],"yoast_head":"<!-- This site is optimized with the Yoast SEO plugin v27.2 - https:\/\/yoast.com\/product\/yoast-seo-wordpress\/ -->\n<title>Privacy Policy - Fitness Zone<\/title>\n<meta name=\"robots\" content=\"index, follow, max-snippet:-1, max-image-preview:large, max-video-preview:-1\" \/>\n<link rel=\"canonical\" href=\"https:\/\/fitnesszone.lu\/en\/privacy-policy\/\" \/>\n<meta property=\"og:locale\" content=\"en_US\" \/>\n<meta property=\"og:type\" content=\"article\" \/>\n<meta property=\"og:title\" content=\"Privacy Policy - Fitness Zone\" \/>\n<meta property=\"og:description\" content=\"\u00c9diteur du site FitnessZone Adresse : 103 Rue des Bruy\u00e8res, 1274 HowaldT\u00e9l\u00e9phone : [Votre num\u00e9ro de t\u00e9l\u00e9phone]Email : info@fitnesszone.lu Propri\u00e9t\u00e9\" \/>\n<meta property=\"og:url\" content=\"https:\/\/fitnesszone.lu\/en\/privacy-policy\/\" \/>\n<meta property=\"og:site_name\" content=\"Fitness Zone\" \/>\n<meta property=\"article:publisher\" content=\"https:\/\/www.facebook.com\/fitnesszonehowald\" \/>\n<meta property=\"article:modified_time\" content=\"2024-10-15T23:19:34+00:00\" \/>\n<meta property=\"og:image\" content=\"https:\/\/fitnesszone.lu\/wp-content\/uploads\/2024\/05\/fzone.jpeg\" \/>\n\t<meta property=\"og:image:width\" content=\"225\" \/>\n\t<meta property=\"og:image:height\" content=\"225\" \/>\n\t<meta property=\"og:image:type\" content=\"image\/jpeg\" \/>\n<meta name=\"twitter:card\" content=\"summary_large_image\" \/>\n<meta name=\"twitter:label1\" content=\"Est. reading time\" \/>\n\t<meta name=\"twitter:data1\" content=\"2 minutes\" \/>\n<script type=\"application\/ld+json\" class=\"yoast-schema-graph\">{\"@context\":\"https:\/\/schema.org\",\"@graph\":[{\"@type\":\"WebPage\",\"@id\":\"https:\/\/fitnesszone.lu\/privacy-policy\/\",\"url\":\"https:\/\/fitnesszone.lu\/privacy-policy\/\",\"name\":\"Privacy Policy - Fitness Zone\",\"isPartOf\":{\"@id\":\"https:\/\/fitnesszone.lu\/#website\"},\"datePublished\":\"2023-12-01T07:45:15+00:00\",\"dateModified\":\"2024-10-15T23:19:34+00:00\",\"breadcrumb\":{\"@id\":\"https:\/\/fitnesszone.lu\/privacy-policy\/#breadcrumb\"},\"inLanguage\":\"en-US\",\"potentialAction\":[{\"@type\":\"ReadAction\",\"target\":[\"https:\/\/fitnesszone.lu\/privacy-policy\/\"]}]},{\"@type\":\"BreadcrumbList\",\"@id\":\"https:\/\/fitnesszone.lu\/privacy-policy\/#breadcrumb\",\"itemListElement\":[{\"@type\":\"ListItem\",\"position\":1,\"name\":\"Accueil\",\"item\":\"https:\/\/fitnesszone.lu\/\"},{\"@type\":\"ListItem\",\"position\":2,\"name\":\"Privacy Policy\"}]},{\"@type\":\"WebSite\",\"@id\":\"https:\/\/fitnesszone.lu\/#website\",\"url\":\"https:\/\/fitnesszone.lu\/\",\"name\":\"Fitness Zone\",\"description\":\"\",\"publisher\":{\"@id\":\"https:\/\/fitnesszone.lu\/#organization\"},\"potentialAction\":[{\"@type\":\"SearchAction\",\"target\":{\"@type\":\"EntryPoint\",\"urlTemplate\":\"https:\/\/fitnesszone.lu\/?s={search_term_string}\"},\"query-input\":{\"@type\":\"PropertyValueSpecification\",\"valueRequired\":true,\"valueName\":\"search_term_string\"}}],\"inLanguage\":\"en-US\"},{\"@type\":\"Organization\",\"@id\":\"https:\/\/fitnesszone.lu\/#organization\",\"name\":\"Fitness Zone\",\"url\":\"https:\/\/fitnesszone.lu\/\",\"logo\":{\"@type\":\"ImageObject\",\"inLanguage\":\"en-US\",\"@id\":\"https:\/\/fitnesszone.lu\/#\/schema\/logo\/image\/\",\"url\":\"https:\/\/fitnesszone.lu\/wp-content\/uploads\/2024\/05\/fzone.jpeg\",\"contentUrl\":\"https:\/\/fitnesszone.lu\/wp-content\/uploads\/2024\/05\/fzone.jpeg\",\"width\":225,\"height\":225,\"caption\":\"Fitness Zone\"},\"image\":{\"@id\":\"https:\/\/fitnesszone.lu\/#\/schema\/logo\/image\/\"},\"sameAs\":[\"https:\/\/www.facebook.com\/fitnesszonehowald\",\"https:\/\/www.instagram.com\/fitnesszone_luxembourg\"]}]}<\/script>\n<!-- \/ Yoast SEO plugin. -->","yoast_head_json":{"title":"Privacy Policy - Fitness Zone","robots":{"index":"index","follow":"follow","max-snippet":"max-snippet:-1","max-image-preview":"max-image-preview:large","max-video-preview":"max-video-preview:-1"},"canonical":"https:\/\/fitnesszone.lu\/en\/privacy-policy\/","og_locale":"en_US","og_type":"article","og_title":"Privacy Policy - Fitness Zone","og_description":"\u00c9diteur du site FitnessZone Adresse : 103 Rue des Bruy\u00e8res, 1274 HowaldT\u00e9l\u00e9phone : [Votre num\u00e9ro de t\u00e9l\u00e9phone]Email : info@fitnesszone.lu Propri\u00e9t\u00e9","og_url":"https:\/\/fitnesszone.lu\/en\/privacy-policy\/","og_site_name":"Fitness Zone","article_publisher":"https:\/\/www.facebook.com\/fitnesszonehowald","article_modified_time":"2024-10-15T23:19:34+00:00","og_image":[{"width":225,"height":225,"url":"https:\/\/fitnesszone.lu\/wp-content\/uploads\/2024\/05\/fzone.jpeg","type":"image\/jpeg"}],"twitter_card":"summary_large_image","twitter_misc":{"Est. reading time":"2 minutes"},"schema":{"@context":"https:\/\/schema.org","@graph":[{"@type":"WebPage","@id":"https:\/\/fitnesszone.lu\/privacy-policy\/","url":"https:\/\/fitnesszone.lu\/privacy-policy\/","name":"Privacy Policy - Fitness Zone","isPartOf":{"@id":"https:\/\/fitnesszone.lu\/#website"},"datePublished":"2023-12-01T07:45:15+00:00","dateModified":"2024-10-15T23:19:34+00:00","breadcrumb":{"@id":"https:\/\/fitnesszone.lu\/privacy-policy\/#breadcrumb"},"inLanguage":"en-US","potentialAction":[{"@type":"ReadAction","target":["https:\/\/fitnesszone.lu\/privacy-policy\/"]}]},{"@type":"BreadcrumbList","@id":"https:\/\/fitnesszone.lu\/privacy-policy\/#breadcrumb","itemListElement":[{"@type":"ListItem","position":1,"name":"Accueil","item":"https:\/\/fitnesszone.lu\/"},{"@type":"ListItem","position":2,"name":"Privacy Policy"}]},{"@type":"WebSite","@id":"https:\/\/fitnesszone.lu\/#website","url":"https:\/\/fitnesszone.lu\/","name":"Fitness Zone","description":"","publisher":{"@id":"https:\/\/fitnesszone.lu\/#organization"},"potentialAction":[{"@type":"SearchAction","target":{"@type":"EntryPoint","urlTemplate":"https:\/\/fitnesszone.lu\/?s={search_term_string}"},"query-input":{"@type":"PropertyValueSpecification","valueRequired":true,"valueName":"search_term_string"}}],"inLanguage":"en-US"},{"@type":"Organization","@id":"https:\/\/fitnesszone.lu\/#organization","name":"Fitness Zone","url":"https:\/\/fitnesszone.lu\/","logo":{"@type":"ImageObject","inLanguage":"en-US","@id":"https:\/\/fitnesszone.lu\/#\/schema\/logo\/image\/","url":"https:\/\/fitnesszone.lu\/wp-content\/uploads\/2024\/05\/fzone.jpeg","contentUrl":"https:\/\/fitnesszone.lu\/wp-content\/uploads\/2024\/05\/fzone.jpeg","width":225,"height":225,"caption":"Fitness Zone"},"image":{"@id":"https:\/\/fitnesszone.lu\/#\/schema\/logo\/image\/"},"sameAs":["https:\/\/www.facebook.com\/fitnesszonehowald","https:\/\/www.instagram.com\/fitnesszone_luxembourg"]}]}},"jetpack_sharing_enabled":true,"_links":{"self":[{"href":"https:\/\/fitnesszone.lu\/en\/wp-json\/wp\/v2\/pages\/3","targetHints":{"allow":["GET"]}}],"collection":[{"href":"https:\/\/fitnesszone.lu\/en\/wp-json\/wp\/v2\/pages"}],"about":[{"href":"https:\/\/fitnesszone.lu\/en\/wp-json\/wp\/v2\/types\/page"}],"author":[{"embeddable":true,"href":"https:\/\/fitnesszone.lu\/en\/wp-json\/wp\/v2\/users\/1"}],"replies":[{"embeddable":true,"href":"https:\/\/fitnesszone.lu\/en\/wp-json\/wp\/v2\/comments?post=3"}],"version-history":[{"count":3,"href":"https:\/\/fitnesszone.lu\/en\/wp-json\/wp\/v2\/pages\/3\/revisions"}],"predecessor-version":[{"id":16821,"href":"https:\/\/fitnesszone.lu\/en\/wp-json\/wp\/v2\/pages\/3\/revisions\/16821"}],"wp:attachment":[{"href":"https:\/\/fitnesszone.lu\/en\/wp-json\/wp\/v2\/media?parent=3"}],"curies":[{"name":"wp","href":"https:\/\/api.w.org\/{rel}","templated":true}]}}