{"id":16906,"date":"2025-03-25T23:24:59","date_gmt":"2025-03-25T22:24:59","guid":{"rendered":"https:\/\/fitnesszone.lu\/?post_type=product&#038;p=16906"},"modified":"2025-10-26T02:06:49","modified_gmt":"2025-10-26T01:06:49","slug":"student","status":"publish","type":"product","link":"https:\/\/fitnesszone.lu\/en\/product\/student\/","title":{"rendered":"STUDENT PACKAGE (1 month)"},"content":{"rendered":"","protected":false},"excerpt":{"rendered":"<article class=\"w-full text-token-text-primary\" dir=\"auto\" data-testid=\"conversation-turn-4\" data-scroll-anchor=\"true\">\n<div class=\"text-base my-auto mx-auto py-5 px-6\">\n<div class=\"mx-auto flex flex-1 text-base gap-4 md:gap-5 lg:gap-6 md:max-w-3xl lg:max-w-[40rem] xl:max-w-[48rem] group\/turn-messages focus-visible:outline-none\" tabindex=\"-1\">\n<div class=\"group\/conversation-turn relative flex w-full min-w-0 flex-col agent-turn @xs\/thread:px-0 @sm\/thread:px-1.5 @md\/thread:px-4\">\n<div class=\"relative flex-col gap-1 md:gap-3\">\n<div class=\"flex max-w-full flex-col flex-grow\">\n<div class=\"min-h-8 text-message relative flex w-full flex-col items-end gap-2 whitespace-normal break-words text-start [.text-message+&amp;]:mt-5\" dir=\"auto\" data-message-author-role=\"assistant\" data-message-id=\"514539b8-e4da-4754-a91d-830a7337142e\" data-message-model-slug=\"gpt-4o\">\n<div class=\"flex w-full flex-col gap-1 empty:hidden first:pt-[3px]\">\n<div class=\"markdown prose w-full break-words dark:prose-invert light\">\n<p class=\"\" data-start=\"23\" data-end=\"130\">Le <strong data-start=\"26\" data-end=\"45\">Package Student<\/strong> est l\u2019offre id\u00e9ale pour les \u00e9tudiants souhaitant rester en forme sans contraintes.<\/p>\n<ul data-start=\"132\" data-end=\"637\">\n<li class=\"\" data-start=\"132\" data-end=\"226\">\n<p class=\"\" data-start=\"134\" data-end=\"226\"><strong data-start=\"134\" data-end=\"172\">Abonnement pour 1 mois sans engagement<\/strong> : libert\u00e9 totale, renouvelez quand vous le souhaitez.<\/p>\n<\/li>\n<li class=\"\" data-start=\"227\" data-end=\"306\">\n<p class=\"\" data-start=\"229\" data-end=\"306\"><strong data-start=\"229\" data-end=\"260\">Frais d&rsquo;inscription offerts<\/strong> : aucun co\u00fbt suppl\u00e9mentaire pour commencer.<\/p>\n<\/li>\n<li class=\"\" data-start=\"307\" data-end=\"393\">\n<p class=\"\" data-start=\"309\" data-end=\"393\"><strong data-start=\"309\" data-end=\"340\">Acc\u00e8s illimit\u00e9 aux machines<\/strong> : entra\u00eenez-vous \u00e0 votre rythme, sans restriction.<\/p>\n<\/li>\n<li class=\"\" data-start=\"394\" data-end=\"514\">\n<p class=\"\" data-start=\"396\" data-end=\"514\"><strong data-start=\"396\" data-end=\"435\">Acc\u00e8s illimit\u00e9 aux cours collectifs<\/strong> : profitez de tous les cours disponibles pour diversifier vos entra\u00eenements.<\/p>\n<\/li>\n<li class=\"\" data-start=\"515\" data-end=\"637\">\n<p class=\"\" data-start=\"517\" data-end=\"637\"><strong data-start=\"517\" data-end=\"586\">Acc\u00e8s exclusif aux heures sp\u00e9ciales et cours d\u00e9di\u00e9s aux \u00e9tudiants<\/strong> : des sessions adapt\u00e9es \u00e0 votre emploi du temps.<\/p>\n<\/li>\n<\/ul>\n<p class=\"\" data-start=\"639\" data-end=\"715\">Une offre flexible et compl\u00e8te pour rester actif tout au long de vos \u00e9tudes.<\/p>\n<\/div>\n<\/div>\n<\/div>\n<\/div>\n<div class=\"flex justify-start\"><strong>Votre carte de membre vous sera d\u00e9livr\u00e9e lors de votre premi\u00e8re visite au Fitness Zone Howald.<\/strong><\/div>\n<\/div>\n<\/div>\n<\/div>\n<\/div>\n<\/article>\n<div class=\"pointer-events-none h-px w-px\" aria-hidden=\"true\" data-edge=\"true\"><\/div>\n","protected":false},"featured_media":16925,"template":"","meta":[],"product_brand":[],"product_cat":[88],"product_tag":[],"class_list":{"0":"post-16906","1":"product","2":"type-product","3":"status-publish","4":"has-post-thumbnail","6":"product_cat-abonnements","8":"first","9":"instock","10":"virtual","11":"taxable","12":"purchasable","13":"product-type-simple"},"yoast_head":"<!-- This site is optimized with the Yoast SEO plugin v27.2 - https:\/\/yoast.com\/product\/yoast-seo-wordpress\/ -->\n<title>STUDENT PACKAGE (1 mois) - Fitness Zone<\/title>\n<meta name=\"description\" content=\"Le Package Student est l\u2019offre id\u00e9ale pour les \u00e9tudiants souhaitant rester en forme sans contraintes. | Fitness Zone Howald\" \/>\n<meta name=\"robots\" content=\"index, follow, max-snippet:-1, max-image-preview:large, max-video-preview:-1\" \/>\n<link rel=\"canonical\" href=\"https:\/\/fitnesszone.lu\/en\/product\/student\/\" \/>\n<meta property=\"og:locale\" content=\"en_US\" \/>\n<meta property=\"og:type\" content=\"article\" \/>\n<meta property=\"og:title\" content=\"STUDENT PACKAGE (1 mois) - Fitness Zone\" \/>\n<meta property=\"og:description\" content=\"Le Package Student est l\u2019offre id\u00e9ale pour les \u00e9tudiants souhaitant rester en forme sans contraintes. | Fitness Zone Howald\" \/>\n<meta property=\"og:url\" content=\"https:\/\/fitnesszone.lu\/en\/product\/student\/\" \/>\n<meta property=\"og:site_name\" content=\"Fitness Zone\" \/>\n<meta property=\"article:publisher\" content=\"https:\/\/www.facebook.com\/fitnesszonehowald\" \/>\n<meta property=\"article:modified_time\" content=\"2025-10-26T01:06:49+00:00\" \/>\n<meta property=\"og:image\" content=\"https:\/\/fitnesszone.lu\/wp-content\/uploads\/2025\/03\/pack-student.jpg\" \/>\n\t<meta property=\"og:image:width\" content=\"800\" \/>\n\t<meta property=\"og:image:height\" content=\"800\" \/>\n\t<meta property=\"og:image:type\" content=\"image\/jpeg\" \/>\n<meta name=\"twitter:card\" content=\"summary_large_image\" \/>\n<meta name=\"twitter:label1\" content=\"Est. reading time\" \/>\n\t<meta name=\"twitter:data1\" content=\"1 minute\" \/>\n<script type=\"application\/ld+json\" class=\"yoast-schema-graph\">{\"@context\":\"https:\/\/schema.org\",\"@graph\":[{\"@type\":\"WebPage\",\"@id\":\"https:\/\/fitnesszone.lu\/product\/student\/\",\"url\":\"https:\/\/fitnesszone.lu\/product\/student\/\",\"name\":\"STUDENT PACKAGE (1 mois) - Fitness Zone\",\"isPartOf\":{\"@id\":\"https:\/\/fitnesszone.lu\/#website\"},\"primaryImageOfPage\":{\"@id\":\"https:\/\/fitnesszone.lu\/product\/student\/#primaryimage\"},\"image\":{\"@id\":\"https:\/\/fitnesszone.lu\/product\/student\/#primaryimage\"},\"thumbnailUrl\":\"https:\/\/fitnesszone.lu\/wp-content\/uploads\/2025\/03\/pack-student.jpg\",\"datePublished\":\"2025-03-25T22:24:59+00:00\",\"dateModified\":\"2025-10-26T01:06:49+00:00\",\"description\":\"Le Package Student est l\u2019offre id\u00e9ale pour les \u00e9tudiants souhaitant rester en forme sans contraintes. | Fitness Zone Howald\",\"breadcrumb\":{\"@id\":\"https:\/\/fitnesszone.lu\/product\/student\/#breadcrumb\"},\"inLanguage\":\"en-US\",\"potentialAction\":[{\"@type\":\"ReadAction\",\"target\":[\"https:\/\/fitnesszone.lu\/product\/student\/\"]}]},{\"@type\":\"ImageObject\",\"inLanguage\":\"en-US\",\"@id\":\"https:\/\/fitnesszone.lu\/product\/student\/#primaryimage\",\"url\":\"https:\/\/fitnesszone.lu\/wp-content\/uploads\/2025\/03\/pack-student.jpg\",\"contentUrl\":\"https:\/\/fitnesszone.lu\/wp-content\/uploads\/2025\/03\/pack-student.jpg\",\"width\":800,\"height\":800},{\"@type\":\"BreadcrumbList\",\"@id\":\"https:\/\/fitnesszone.lu\/product\/student\/#breadcrumb\",\"itemListElement\":[{\"@type\":\"ListItem\",\"position\":1,\"name\":\"Accueil\",\"item\":\"https:\/\/fitnesszone.lu\/\"},{\"@type\":\"ListItem\",\"position\":2,\"name\":\"Shop\",\"item\":\"https:\/\/fitnesszone.lu\/shop\/\"},{\"@type\":\"ListItem\",\"position\":3,\"name\":\"STUDENT PACKAGE (1 mois)\"}]},{\"@type\":\"WebSite\",\"@id\":\"https:\/\/fitnesszone.lu\/#website\",\"url\":\"https:\/\/fitnesszone.lu\/\",\"name\":\"Fitness Zone\",\"description\":\"\",\"publisher\":{\"@id\":\"https:\/\/fitnesszone.lu\/#organization\"},\"potentialAction\":[{\"@type\":\"SearchAction\",\"target\":{\"@type\":\"EntryPoint\",\"urlTemplate\":\"https:\/\/fitnesszone.lu\/?s={search_term_string}\"},\"query-input\":{\"@type\":\"PropertyValueSpecification\",\"valueRequired\":true,\"valueName\":\"search_term_string\"}}],\"inLanguage\":\"en-US\"},{\"@type\":\"Organization\",\"@id\":\"https:\/\/fitnesszone.lu\/#organization\",\"name\":\"Fitness Zone\",\"url\":\"https:\/\/fitnesszone.lu\/\",\"logo\":{\"@type\":\"ImageObject\",\"inLanguage\":\"en-US\",\"@id\":\"https:\/\/fitnesszone.lu\/#\/schema\/logo\/image\/\",\"url\":\"https:\/\/fitnesszone.lu\/wp-content\/uploads\/2024\/05\/fzone.jpeg\",\"contentUrl\":\"https:\/\/fitnesszone.lu\/wp-content\/uploads\/2024\/05\/fzone.jpeg\",\"width\":225,\"height\":225,\"caption\":\"Fitness Zone\"},\"image\":{\"@id\":\"https:\/\/fitnesszone.lu\/#\/schema\/logo\/image\/\"},\"sameAs\":[\"https:\/\/www.facebook.com\/fitnesszonehowald\",\"https:\/\/www.instagram.com\/fitnesszone_luxembourg\"]}]}<\/script>\n<!-- \/ Yoast SEO plugin. -->","yoast_head_json":{"title":"STUDENT PACKAGE (1 mois) - Fitness Zone","description":"Le Package Student est l\u2019offre id\u00e9ale pour les \u00e9tudiants souhaitant rester en forme sans contraintes. | Fitness Zone Howald","robots":{"index":"index","follow":"follow","max-snippet":"max-snippet:-1","max-image-preview":"max-image-preview:large","max-video-preview":"max-video-preview:-1"},"canonical":"https:\/\/fitnesszone.lu\/en\/product\/student\/","og_locale":"en_US","og_type":"article","og_title":"STUDENT PACKAGE (1 mois) - Fitness Zone","og_description":"Le Package Student est l\u2019offre id\u00e9ale pour les \u00e9tudiants souhaitant rester en forme sans contraintes. | Fitness Zone Howald","og_url":"https:\/\/fitnesszone.lu\/en\/product\/student\/","og_site_name":"Fitness Zone","article_publisher":"https:\/\/www.facebook.com\/fitnesszonehowald","article_modified_time":"2025-10-26T01:06:49+00:00","og_image":[{"width":800,"height":800,"url":"https:\/\/fitnesszone.lu\/wp-content\/uploads\/2025\/03\/pack-student.jpg","type":"image\/jpeg"}],"twitter_card":"summary_large_image","twitter_misc":{"Est. reading time":"1 minute"},"schema":{"@context":"https:\/\/schema.org","@graph":[{"@type":"WebPage","@id":"https:\/\/fitnesszone.lu\/product\/student\/","url":"https:\/\/fitnesszone.lu\/product\/student\/","name":"STUDENT PACKAGE (1 mois) - Fitness Zone","isPartOf":{"@id":"https:\/\/fitnesszone.lu\/#website"},"primaryImageOfPage":{"@id":"https:\/\/fitnesszone.lu\/product\/student\/#primaryimage"},"image":{"@id":"https:\/\/fitnesszone.lu\/product\/student\/#primaryimage"},"thumbnailUrl":"https:\/\/fitnesszone.lu\/wp-content\/uploads\/2025\/03\/pack-student.jpg","datePublished":"2025-03-25T22:24:59+00:00","dateModified":"2025-10-26T01:06:49+00:00","description":"Le Package Student est l\u2019offre id\u00e9ale pour les \u00e9tudiants souhaitant rester en forme sans contraintes. | Fitness Zone Howald","breadcrumb":{"@id":"https:\/\/fitnesszone.lu\/product\/student\/#breadcrumb"},"inLanguage":"en-US","potentialAction":[{"@type":"ReadAction","target":["https:\/\/fitnesszone.lu\/product\/student\/"]}]},{"@type":"ImageObject","inLanguage":"en-US","@id":"https:\/\/fitnesszone.lu\/product\/student\/#primaryimage","url":"https:\/\/fitnesszone.lu\/wp-content\/uploads\/2025\/03\/pack-student.jpg","contentUrl":"https:\/\/fitnesszone.lu\/wp-content\/uploads\/2025\/03\/pack-student.jpg","width":800,"height":800},{"@type":"BreadcrumbList","@id":"https:\/\/fitnesszone.lu\/product\/student\/#breadcrumb","itemListElement":[{"@type":"ListItem","position":1,"name":"Accueil","item":"https:\/\/fitnesszone.lu\/"},{"@type":"ListItem","position":2,"name":"Shop","item":"https:\/\/fitnesszone.lu\/shop\/"},{"@type":"ListItem","position":3,"name":"STUDENT PACKAGE (1 mois)"}]},{"@type":"WebSite","@id":"https:\/\/fitnesszone.lu\/#website","url":"https:\/\/fitnesszone.lu\/","name":"Fitness Zone","description":"","publisher":{"@id":"https:\/\/fitnesszone.lu\/#organization"},"potentialAction":[{"@type":"SearchAction","target":{"@type":"EntryPoint","urlTemplate":"https:\/\/fitnesszone.lu\/?s={search_term_string}"},"query-input":{"@type":"PropertyValueSpecification","valueRequired":true,"valueName":"search_term_string"}}],"inLanguage":"en-US"},{"@type":"Organization","@id":"https:\/\/fitnesszone.lu\/#organization","name":"Fitness Zone","url":"https:\/\/fitnesszone.lu\/","logo":{"@type":"ImageObject","inLanguage":"en-US","@id":"https:\/\/fitnesszone.lu\/#\/schema\/logo\/image\/","url":"https:\/\/fitnesszone.lu\/wp-content\/uploads\/2024\/05\/fzone.jpeg","contentUrl":"https:\/\/fitnesszone.lu\/wp-content\/uploads\/2024\/05\/fzone.jpeg","width":225,"height":225,"caption":"Fitness Zone"},"image":{"@id":"https:\/\/fitnesszone.lu\/#\/schema\/logo\/image\/"},"sameAs":["https:\/\/www.facebook.com\/fitnesszonehowald","https:\/\/www.instagram.com\/fitnesszone_luxembourg"]}]}},"jetpack_sharing_enabled":true,"_links":{"self":[{"href":"https:\/\/fitnesszone.lu\/en\/wp-json\/wp\/v2\/product\/16906","targetHints":{"allow":["GET"]}}],"collection":[{"href":"https:\/\/fitnesszone.lu\/en\/wp-json\/wp\/v2\/product"}],"about":[{"href":"https:\/\/fitnesszone.lu\/en\/wp-json\/wp\/v2\/types\/product"}],"version-history":[{"count":6,"href":"https:\/\/fitnesszone.lu\/en\/wp-json\/wp\/v2\/product\/16906\/revisions"}],"predecessor-version":[{"id":17089,"href":"https:\/\/fitnesszone.lu\/en\/wp-json\/wp\/v2\/product\/16906\/revisions\/17089"}],"wp:featuredmedia":[{"embeddable":true,"href":"https:\/\/fitnesszone.lu\/en\/wp-json\/wp\/v2\/media\/16925"}],"wp:attachment":[{"href":"https:\/\/fitnesszone.lu\/en\/wp-json\/wp\/v2\/media?parent=16906"}],"wp:term":[{"taxonomy":"product_brand","embeddable":true,"href":"https:\/\/fitnesszone.lu\/en\/wp-json\/wp\/v2\/product_brand?post=16906"},{"taxonomy":"product_cat","embeddable":true,"href":"https:\/\/fitnesszone.lu\/en\/wp-json\/wp\/v2\/product_cat?post=16906"},{"taxonomy":"product_tag","embeddable":true,"href":"https:\/\/fitnesszone.lu\/en\/wp-json\/wp\/v2\/product_tag?post=16906"}],"curies":[{"name":"wp","href":"https:\/\/api.w.org\/{rel}","templated":true}]}}