{"id":17593,"date":"2025-12-03T21:36:20","date_gmt":"2025-12-03T20:36:20","guid":{"rendered":"https:\/\/fitnesszone.lu\/?post_type=product&#038;p=17593"},"modified":"2026-01-02T13:41:52","modified_gmt":"2026-01-02T12:41:52","slug":"access-package-paiement-trimestriel","status":"publish","type":"product","link":"https:\/\/fitnesszone.lu\/en\/product\/access-package-paiement-trimestriel\/","title":{"rendered":"ACCESS PACKAGE (paiement trimestriel)"},"content":{"rendered":"","protected":false},"excerpt":{"rendered":"<p class=\"\" data-start=\"22\" data-end=\"131\">The <strong data-start=\"25\" data-end=\"43\">Access Package<\/strong> est con\u00e7u pour ceux qui recherchent un abonnement flexible avec un engagement mod\u00e9r\u00e9.<\/p>\n<ul data-start=\"133\" data-end=\"668\">\n<li class=\"\" data-start=\"133\" data-end=\"215\">\n<p class=\"\" data-start=\"135\" data-end=\"215\"><strong data-start=\"135\" data-end=\"161\">Quarterly subscription<\/strong> : une formule id\u00e9ale pour s\u2019entra\u00eener sur la dur\u00e9e.<\/p>\n<\/li>\n<li class=\"\" data-start=\"216\" data-end=\"291\">\n<p class=\"\" data-start=\"218\" data-end=\"291\"><strong data-start=\"218\" data-end=\"249\">No registration fees<\/strong> : commencez sans frais suppl\u00e9mentaires.<\/p>\n<\/li>\n<li class=\"\" data-start=\"292\" data-end=\"362\">\n<p class=\"\" data-start=\"294\" data-end=\"362\"><strong data-start=\"294\" data-end=\"325\">Unlimited use of all equipment<\/strong> : entra\u00eenez-vous sans restriction.<\/p>\n<\/li>\n<li class=\"\" data-start=\"363\" data-end=\"468\">\n<p class=\"\" data-start=\"365\" data-end=\"468\"><strong data-start=\"365\" data-end=\"404\">Unlimited access to group classes<\/strong> : profitez d\u2019un large choix de cours pour varier vos s\u00e9ances.<\/p>\n<\/li>\n<li class=\"\" data-start=\"469\" data-end=\"558\">\n<p class=\"\" data-start=\"471\" data-end=\"558\"><strong data-start=\"471\" data-end=\"506\">Paiement trimestriel<\/strong> <strong>unique<\/strong><\/p>\n<\/li>\n<li class=\"\" data-start=\"559\" data-end=\"668\">\n<p class=\"\" data-start=\"561\" data-end=\"668\"><strong data-start=\"561\" data-end=\"581\">Option d&rsquo;upgrade<\/strong> : b\u00e9n\u00e9ficiez de services premium tels qu\u2019un acc\u00e8s prioritaire ou un coach personnel.<\/p>\n<\/li>\n<\/ul>\n<p class=\"\" data-start=\"670\" data-end=\"758\">Un abonnement \u00e9quilibr\u00e9 entre flexibilit\u00e9 et engagement pour maximiser vos performances.<\/p>\n<p data-start=\"670\" data-end=\"758\"><strong>Your membership card will be issued during your first visit at Fitness Zone Howald.<\/strong><\/p>","protected":false},"featured_media":16928,"template":"","meta":[],"product_brand":[],"product_cat":[101],"product_tag":[99,100],"class_list":{"0":"post-17593","1":"product","2":"type-product","3":"status-publish","4":"has-post-thumbnail","6":"product_cat-abonnements-paiement-unique","7":"product_tag-fitness-zone","8":"product_tag-howald","10":"first","11":"instock","12":"virtual","13":"taxable","14":"purchasable","15":"product-type-simple"},"yoast_head":"<!-- This site is optimized with the Yoast SEO plugin v27.2 - https:\/\/yoast.com\/product\/yoast-seo-wordpress\/ -->\n<title>ACCESS PACKAGE (paiement trimestriel) - Fitness Zone<\/title>\n<meta name=\"description\" content=\"Le Access Package est con\u00e7u pour ceux qui recherchent un abonnement flexible avec un engagement mod\u00e9r\u00e9. | Fitness Zone Howald\" \/>\n<meta name=\"robots\" content=\"index, follow, max-snippet:-1, max-image-preview:large, max-video-preview:-1\" \/>\n<link rel=\"canonical\" href=\"https:\/\/fitnesszone.lu\/en\/product\/access-package-paiement-trimestriel\/\" \/>\n<meta property=\"og:locale\" content=\"en_US\" \/>\n<meta property=\"og:type\" content=\"article\" \/>\n<meta property=\"og:title\" content=\"ACCESS PACKAGE (paiement trimestriel) - Fitness Zone\" \/>\n<meta property=\"og:description\" content=\"Le Access Package est con\u00e7u pour ceux qui recherchent un abonnement flexible avec un engagement mod\u00e9r\u00e9. | Fitness Zone Howald\" \/>\n<meta property=\"og:url\" content=\"https:\/\/fitnesszone.lu\/en\/product\/access-package-paiement-trimestriel\/\" \/>\n<meta property=\"og:site_name\" content=\"Fitness Zone\" \/>\n<meta property=\"article:publisher\" content=\"https:\/\/www.facebook.com\/fitnesszonehowald\" \/>\n<meta property=\"article:modified_time\" content=\"2026-01-02T12:41:52+00:00\" \/>\n<meta property=\"og:image\" content=\"https:\/\/fitnesszone.lu\/wp-content\/uploads\/2025\/03\/pack-access.jpg\" \/>\n\t<meta property=\"og:image:width\" content=\"800\" \/>\n\t<meta property=\"og:image:height\" content=\"800\" \/>\n\t<meta property=\"og:image:type\" content=\"image\/jpeg\" \/>\n<meta name=\"twitter:card\" content=\"summary_large_image\" \/>\n<meta name=\"twitter:label1\" content=\"Est. reading time\" \/>\n\t<meta name=\"twitter:data1\" content=\"1 minute\" \/>\n<script type=\"application\/ld+json\" class=\"yoast-schema-graph\">{\"@context\":\"https:\/\/schema.org\",\"@graph\":[{\"@type\":\"WebPage\",\"@id\":\"https:\/\/fitnesszone.lu\/product\/access-package-paiement-trimestriel\/\",\"url\":\"https:\/\/fitnesszone.lu\/product\/access-package-paiement-trimestriel\/\",\"name\":\"ACCESS PACKAGE (paiement trimestriel) - Fitness Zone\",\"isPartOf\":{\"@id\":\"https:\/\/fitnesszone.lu\/#website\"},\"primaryImageOfPage\":{\"@id\":\"https:\/\/fitnesszone.lu\/product\/access-package-paiement-trimestriel\/#primaryimage\"},\"image\":{\"@id\":\"https:\/\/fitnesszone.lu\/product\/access-package-paiement-trimestriel\/#primaryimage\"},\"thumbnailUrl\":\"https:\/\/fitnesszone.lu\/wp-content\/uploads\/2025\/03\/pack-access.jpg\",\"datePublished\":\"2025-12-03T20:36:20+00:00\",\"dateModified\":\"2026-01-02T12:41:52+00:00\",\"description\":\"Le Access Package est con\u00e7u pour ceux qui recherchent un abonnement flexible avec un engagement mod\u00e9r\u00e9. | Fitness Zone Howald\",\"breadcrumb\":{\"@id\":\"https:\/\/fitnesszone.lu\/product\/access-package-paiement-trimestriel\/#breadcrumb\"},\"inLanguage\":\"en-US\",\"potentialAction\":[{\"@type\":\"ReadAction\",\"target\":[\"https:\/\/fitnesszone.lu\/product\/access-package-paiement-trimestriel\/\"]}]},{\"@type\":\"ImageObject\",\"inLanguage\":\"en-US\",\"@id\":\"https:\/\/fitnesszone.lu\/product\/access-package-paiement-trimestriel\/#primaryimage\",\"url\":\"https:\/\/fitnesszone.lu\/wp-content\/uploads\/2025\/03\/pack-access.jpg\",\"contentUrl\":\"https:\/\/fitnesszone.lu\/wp-content\/uploads\/2025\/03\/pack-access.jpg\",\"width\":800,\"height\":800},{\"@type\":\"BreadcrumbList\",\"@id\":\"https:\/\/fitnesszone.lu\/product\/access-package-paiement-trimestriel\/#breadcrumb\",\"itemListElement\":[{\"@type\":\"ListItem\",\"position\":1,\"name\":\"Accueil\",\"item\":\"https:\/\/fitnesszone.lu\/\"},{\"@type\":\"ListItem\",\"position\":2,\"name\":\"Shop\",\"item\":\"https:\/\/fitnesszone.lu\/shop\/\"},{\"@type\":\"ListItem\",\"position\":3,\"name\":\"ACCESS PACKAGE (paiement trimestriel)\"}]},{\"@type\":\"WebSite\",\"@id\":\"https:\/\/fitnesszone.lu\/#website\",\"url\":\"https:\/\/fitnesszone.lu\/\",\"name\":\"Fitness Zone\",\"description\":\"\",\"publisher\":{\"@id\":\"https:\/\/fitnesszone.lu\/#organization\"},\"potentialAction\":[{\"@type\":\"SearchAction\",\"target\":{\"@type\":\"EntryPoint\",\"urlTemplate\":\"https:\/\/fitnesszone.lu\/?s={search_term_string}\"},\"query-input\":{\"@type\":\"PropertyValueSpecification\",\"valueRequired\":true,\"valueName\":\"search_term_string\"}}],\"inLanguage\":\"en-US\"},{\"@type\":\"Organization\",\"@id\":\"https:\/\/fitnesszone.lu\/#organization\",\"name\":\"Fitness Zone\",\"url\":\"https:\/\/fitnesszone.lu\/\",\"logo\":{\"@type\":\"ImageObject\",\"inLanguage\":\"en-US\",\"@id\":\"https:\/\/fitnesszone.lu\/#\/schema\/logo\/image\/\",\"url\":\"https:\/\/fitnesszone.lu\/wp-content\/uploads\/2024\/05\/fzone.jpeg\",\"contentUrl\":\"https:\/\/fitnesszone.lu\/wp-content\/uploads\/2024\/05\/fzone.jpeg\",\"width\":225,\"height\":225,\"caption\":\"Fitness Zone\"},\"image\":{\"@id\":\"https:\/\/fitnesszone.lu\/#\/schema\/logo\/image\/\"},\"sameAs\":[\"https:\/\/www.facebook.com\/fitnesszonehowald\",\"https:\/\/www.instagram.com\/fitnesszone_luxembourg\"]}]}<\/script>\n<!-- \/ Yoast SEO plugin. -->","yoast_head_json":{"title":"ACCESS PACKAGE (paiement trimestriel) - Fitness Zone","description":"Le Access Package est con\u00e7u pour ceux qui recherchent un abonnement flexible avec un engagement mod\u00e9r\u00e9. | Fitness Zone Howald","robots":{"index":"index","follow":"follow","max-snippet":"max-snippet:-1","max-image-preview":"max-image-preview:large","max-video-preview":"max-video-preview:-1"},"canonical":"https:\/\/fitnesszone.lu\/en\/product\/access-package-paiement-trimestriel\/","og_locale":"en_US","og_type":"article","og_title":"ACCESS PACKAGE (paiement trimestriel) - Fitness Zone","og_description":"Le Access Package est con\u00e7u pour ceux qui recherchent un abonnement flexible avec un engagement mod\u00e9r\u00e9. | Fitness Zone Howald","og_url":"https:\/\/fitnesszone.lu\/en\/product\/access-package-paiement-trimestriel\/","og_site_name":"Fitness Zone","article_publisher":"https:\/\/www.facebook.com\/fitnesszonehowald","article_modified_time":"2026-01-02T12:41:52+00:00","og_image":[{"width":800,"height":800,"url":"https:\/\/fitnesszone.lu\/wp-content\/uploads\/2025\/03\/pack-access.jpg","type":"image\/jpeg"}],"twitter_card":"summary_large_image","twitter_misc":{"Est. reading time":"1 minute"},"schema":{"@context":"https:\/\/schema.org","@graph":[{"@type":"WebPage","@id":"https:\/\/fitnesszone.lu\/product\/access-package-paiement-trimestriel\/","url":"https:\/\/fitnesszone.lu\/product\/access-package-paiement-trimestriel\/","name":"ACCESS PACKAGE (paiement trimestriel) - Fitness Zone","isPartOf":{"@id":"https:\/\/fitnesszone.lu\/#website"},"primaryImageOfPage":{"@id":"https:\/\/fitnesszone.lu\/product\/access-package-paiement-trimestriel\/#primaryimage"},"image":{"@id":"https:\/\/fitnesszone.lu\/product\/access-package-paiement-trimestriel\/#primaryimage"},"thumbnailUrl":"https:\/\/fitnesszone.lu\/wp-content\/uploads\/2025\/03\/pack-access.jpg","datePublished":"2025-12-03T20:36:20+00:00","dateModified":"2026-01-02T12:41:52+00:00","description":"Le Access Package est con\u00e7u pour ceux qui recherchent un abonnement flexible avec un engagement mod\u00e9r\u00e9. | Fitness Zone Howald","breadcrumb":{"@id":"https:\/\/fitnesszone.lu\/product\/access-package-paiement-trimestriel\/#breadcrumb"},"inLanguage":"en-US","potentialAction":[{"@type":"ReadAction","target":["https:\/\/fitnesszone.lu\/product\/access-package-paiement-trimestriel\/"]}]},{"@type":"ImageObject","inLanguage":"en-US","@id":"https:\/\/fitnesszone.lu\/product\/access-package-paiement-trimestriel\/#primaryimage","url":"https:\/\/fitnesszone.lu\/wp-content\/uploads\/2025\/03\/pack-access.jpg","contentUrl":"https:\/\/fitnesszone.lu\/wp-content\/uploads\/2025\/03\/pack-access.jpg","width":800,"height":800},{"@type":"BreadcrumbList","@id":"https:\/\/fitnesszone.lu\/product\/access-package-paiement-trimestriel\/#breadcrumb","itemListElement":[{"@type":"ListItem","position":1,"name":"Accueil","item":"https:\/\/fitnesszone.lu\/"},{"@type":"ListItem","position":2,"name":"Shop","item":"https:\/\/fitnesszone.lu\/shop\/"},{"@type":"ListItem","position":3,"name":"ACCESS PACKAGE (paiement trimestriel)"}]},{"@type":"WebSite","@id":"https:\/\/fitnesszone.lu\/#website","url":"https:\/\/fitnesszone.lu\/","name":"Fitness Zone","description":"","publisher":{"@id":"https:\/\/fitnesszone.lu\/#organization"},"potentialAction":[{"@type":"SearchAction","target":{"@type":"EntryPoint","urlTemplate":"https:\/\/fitnesszone.lu\/?s={search_term_string}"},"query-input":{"@type":"PropertyValueSpecification","valueRequired":true,"valueName":"search_term_string"}}],"inLanguage":"en-US"},{"@type":"Organization","@id":"https:\/\/fitnesszone.lu\/#organization","name":"Fitness Zone","url":"https:\/\/fitnesszone.lu\/","logo":{"@type":"ImageObject","inLanguage":"en-US","@id":"https:\/\/fitnesszone.lu\/#\/schema\/logo\/image\/","url":"https:\/\/fitnesszone.lu\/wp-content\/uploads\/2024\/05\/fzone.jpeg","contentUrl":"https:\/\/fitnesszone.lu\/wp-content\/uploads\/2024\/05\/fzone.jpeg","width":225,"height":225,"caption":"Fitness Zone"},"image":{"@id":"https:\/\/fitnesszone.lu\/#\/schema\/logo\/image\/"},"sameAs":["https:\/\/www.facebook.com\/fitnesszonehowald","https:\/\/www.instagram.com\/fitnesszone_luxembourg"]}]}},"jetpack_sharing_enabled":true,"_links":{"self":[{"href":"https:\/\/fitnesszone.lu\/en\/wp-json\/wp\/v2\/product\/17593","targetHints":{"allow":["GET"]}}],"collection":[{"href":"https:\/\/fitnesszone.lu\/en\/wp-json\/wp\/v2\/product"}],"about":[{"href":"https:\/\/fitnesszone.lu\/en\/wp-json\/wp\/v2\/types\/product"}],"version-history":[{"count":3,"href":"https:\/\/fitnesszone.lu\/en\/wp-json\/wp\/v2\/product\/17593\/revisions"}],"predecessor-version":[{"id":17684,"href":"https:\/\/fitnesszone.lu\/en\/wp-json\/wp\/v2\/product\/17593\/revisions\/17684"}],"wp:featuredmedia":[{"embeddable":true,"href":"https:\/\/fitnesszone.lu\/en\/wp-json\/wp\/v2\/media\/16928"}],"wp:attachment":[{"href":"https:\/\/fitnesszone.lu\/en\/wp-json\/wp\/v2\/media?parent=17593"}],"wp:term":[{"taxonomy":"product_brand","embeddable":true,"href":"https:\/\/fitnesszone.lu\/en\/wp-json\/wp\/v2\/product_brand?post=17593"},{"taxonomy":"product_cat","embeddable":true,"href":"https:\/\/fitnesszone.lu\/en\/wp-json\/wp\/v2\/product_cat?post=17593"},{"taxonomy":"product_tag","embeddable":true,"href":"https:\/\/fitnesszone.lu\/en\/wp-json\/wp\/v2\/product_tag?post=17593"}],"curies":[{"name":"wp","href":"https:\/\/api.w.org\/{rel}","templated":true}]}}