{"id":17595,"date":"2025-12-03T21:43:54","date_gmt":"2025-12-03T20:43:54","guid":{"rendered":"https:\/\/fitnesszone.lu\/?post_type=product&#038;p=17595"},"modified":"2026-01-02T13:40:06","modified_gmt":"2026-01-02T12:40:06","slug":"energy-package-paiement-annuel","status":"publish","type":"product","link":"https:\/\/fitnesszone.lu\/en\/product\/energy-package-paiement-annuel\/","title":{"rendered":"ENERGY PACKAGE (paiement annuel)"},"content":{"rendered":"","protected":false},"excerpt":{"rendered":"<p class=\"\" data-start=\"22\" data-end=\"145\">The <strong data-start=\"25\" data-end=\"43\">Energy Package<\/strong> est l\u2019abonnement id\u00e9al pour ceux qui recherchent un engagement annuel avec des avantages exclusifs.<\/p>\n<ul data-start=\"147\" data-end=\"806\">\n<li class=\"\" data-start=\"147\" data-end=\"235\">\n<p class=\"\" data-start=\"149\" data-end=\"235\"><strong data-start=\"149\" data-end=\"170\">Annual subscription<\/strong> : your sustainable path to achieving your fitness goals.<\/p>\n<\/li>\n<li class=\"\" data-start=\"236\" data-end=\"313\">\n<p class=\"\" data-start=\"238\" data-end=\"313\"><strong data-start=\"238\" data-end=\"269\">No registration fees<\/strong> : no extra cost to get started.<\/p>\n<\/li>\n<li class=\"\" data-start=\"314\" data-end=\"396\">\n<p class=\"\" data-start=\"316\" data-end=\"396\"><strong data-start=\"316\" data-end=\"347\">Unlimited use of all equipment<\/strong> : train freely, without restrictions.<\/p>\n<\/li>\n<li class=\"\" data-start=\"397\" data-end=\"502\">\n<p class=\"\" data-start=\"399\" data-end=\"502\"><strong data-start=\"399\" data-end=\"438\">Unlimited access to group classes<\/strong> : enjoy a wide variety of classes to keep your routine fresh.<\/p>\n<\/li>\n<li class=\"\" data-start=\"581\" data-end=\"681\">\n<p class=\"\" data-start=\"583\" data-end=\"681\"><strong data-start=\"583\" data-end=\"615\">Disability insurance included<\/strong> : entra\u00eenez-vous en toute s\u00e9r\u00e9nit\u00e9 avec une protection adapt\u00e9e.<\/p>\n<\/li>\n<li class=\"\" data-start=\"682\" data-end=\"806\">\n<p class=\"\" data-start=\"684\" data-end=\"806\"><strong data-start=\"684\" data-end=\"720\">Acc\u00e8s \u00e0 des \u00e9v\u00e9nements exclusifs<\/strong> : participez \u00e0 des webinaires, ateliers et autres rendez-vous r\u00e9serv\u00e9s aux membres.<\/p>\n<\/li>\n<\/ul>\n<p class=\"\" data-start=\"808\" data-end=\"887\">Un package complet pour allier engagement, performance et privil\u00e8ges exclusifs.<\/p>\n<p data-start=\"808\" data-end=\"887\"><strong>Your membership card will be issued during your first visit at Fitness Zone Howald.<\/strong><\/p>","protected":false},"featured_media":16929,"template":"","meta":[],"product_brand":[],"product_cat":[101],"product_tag":[],"class_list":{"0":"post-17595","1":"product","2":"type-product","3":"status-publish","4":"has-post-thumbnail","6":"product_cat-abonnements-paiement-unique","8":"first","9":"instock","10":"sale","11":"virtual","12":"taxable","13":"purchasable","14":"product-type-simple"},"yoast_head":"<!-- This site is optimized with the Yoast SEO plugin v27.3 - https:\/\/yoast.com\/product\/yoast-seo-wordpress\/ -->\n<title>ENERGY PACKAGE (paiement annuel) - Fitness Zone<\/title>\n<meta name=\"description\" content=\"Le Energy Package est l\u2019abonnement id\u00e9al pour ceux qui recherchent un engagement annuel avec des avantages exclusifs. | Fitness Zone Howald\" \/>\n<meta name=\"robots\" content=\"index, follow, max-snippet:-1, max-image-preview:large, max-video-preview:-1\" \/>\n<link rel=\"canonical\" href=\"https:\/\/fitnesszone.lu\/en\/product\/energy-package-paiement-annuel\/\" \/>\n<meta property=\"og:locale\" content=\"en_US\" \/>\n<meta property=\"og:type\" content=\"article\" \/>\n<meta property=\"og:title\" content=\"ENERGY PACKAGE (paiement annuel) - Fitness Zone\" \/>\n<meta property=\"og:description\" content=\"Le Energy Package est l\u2019abonnement id\u00e9al pour ceux qui recherchent un engagement annuel avec des avantages exclusifs. | Fitness Zone Howald\" \/>\n<meta property=\"og:url\" content=\"https:\/\/fitnesszone.lu\/en\/product\/energy-package-paiement-annuel\/\" \/>\n<meta property=\"og:site_name\" content=\"Fitness Zone\" \/>\n<meta property=\"article:publisher\" content=\"https:\/\/www.facebook.com\/fitnesszonehowald\" \/>\n<meta property=\"article:modified_time\" content=\"2026-01-02T12:40:06+00:00\" \/>\n<meta property=\"og:image\" content=\"https:\/\/fitnesszone.lu\/wp-content\/uploads\/2025\/03\/pack-energy.jpg\" \/>\n\t<meta property=\"og:image:width\" content=\"800\" \/>\n\t<meta property=\"og:image:height\" content=\"800\" \/>\n\t<meta property=\"og:image:type\" content=\"image\/jpeg\" \/>\n<meta name=\"twitter:card\" content=\"summary_large_image\" \/>\n<meta name=\"twitter:label1\" content=\"Est. reading time\" \/>\n\t<meta name=\"twitter:data1\" content=\"1 minute\" \/>\n<script type=\"application\/ld+json\" class=\"yoast-schema-graph\">{\"@context\":\"https:\\\/\\\/schema.org\",\"@graph\":[{\"@type\":\"WebPage\",\"@id\":\"https:\\\/\\\/fitnesszone.lu\\\/product\\\/energy-package-paiement-annuel\\\/\",\"url\":\"https:\\\/\\\/fitnesszone.lu\\\/product\\\/energy-package-paiement-annuel\\\/\",\"name\":\"ENERGY PACKAGE (paiement annuel) - Fitness Zone\",\"isPartOf\":{\"@id\":\"https:\\\/\\\/fitnesszone.lu\\\/#website\"},\"primaryImageOfPage\":{\"@id\":\"https:\\\/\\\/fitnesszone.lu\\\/product\\\/energy-package-paiement-annuel\\\/#primaryimage\"},\"image\":{\"@id\":\"https:\\\/\\\/fitnesszone.lu\\\/product\\\/energy-package-paiement-annuel\\\/#primaryimage\"},\"thumbnailUrl\":\"https:\\\/\\\/fitnesszone.lu\\\/wp-content\\\/uploads\\\/2025\\\/03\\\/pack-energy.jpg\",\"datePublished\":\"2025-12-03T20:43:54+00:00\",\"dateModified\":\"2026-01-02T12:40:06+00:00\",\"description\":\"Le Energy Package est l\u2019abonnement id\u00e9al pour ceux qui recherchent un engagement annuel avec des avantages exclusifs. | Fitness Zone Howald\",\"breadcrumb\":{\"@id\":\"https:\\\/\\\/fitnesszone.lu\\\/product\\\/energy-package-paiement-annuel\\\/#breadcrumb\"},\"inLanguage\":\"en-US\",\"potentialAction\":[{\"@type\":\"ReadAction\",\"target\":[\"https:\\\/\\\/fitnesszone.lu\\\/product\\\/energy-package-paiement-annuel\\\/\"]}]},{\"@type\":\"ImageObject\",\"inLanguage\":\"en-US\",\"@id\":\"https:\\\/\\\/fitnesszone.lu\\\/product\\\/energy-package-paiement-annuel\\\/#primaryimage\",\"url\":\"https:\\\/\\\/fitnesszone.lu\\\/wp-content\\\/uploads\\\/2025\\\/03\\\/pack-energy.jpg\",\"contentUrl\":\"https:\\\/\\\/fitnesszone.lu\\\/wp-content\\\/uploads\\\/2025\\\/03\\\/pack-energy.jpg\",\"width\":800,\"height\":800},{\"@type\":\"BreadcrumbList\",\"@id\":\"https:\\\/\\\/fitnesszone.lu\\\/product\\\/energy-package-paiement-annuel\\\/#breadcrumb\",\"itemListElement\":[{\"@type\":\"ListItem\",\"position\":1,\"name\":\"Accueil\",\"item\":\"https:\\\/\\\/fitnesszone.lu\\\/\"},{\"@type\":\"ListItem\",\"position\":2,\"name\":\"Shop\",\"item\":\"https:\\\/\\\/fitnesszone.lu\\\/shop\\\/\"},{\"@type\":\"ListItem\",\"position\":3,\"name\":\"ENERGY PACKAGE (paiement annuel)\"}]},{\"@type\":\"WebSite\",\"@id\":\"https:\\\/\\\/fitnesszone.lu\\\/#website\",\"url\":\"https:\\\/\\\/fitnesszone.lu\\\/\",\"name\":\"Fitness Zone\",\"description\":\"\",\"publisher\":{\"@id\":\"https:\\\/\\\/fitnesszone.lu\\\/#organization\"},\"potentialAction\":[{\"@type\":\"SearchAction\",\"target\":{\"@type\":\"EntryPoint\",\"urlTemplate\":\"https:\\\/\\\/fitnesszone.lu\\\/?s={search_term_string}\"},\"query-input\":{\"@type\":\"PropertyValueSpecification\",\"valueRequired\":true,\"valueName\":\"search_term_string\"}}],\"inLanguage\":\"en-US\"},{\"@type\":\"Organization\",\"@id\":\"https:\\\/\\\/fitnesszone.lu\\\/#organization\",\"name\":\"Fitness Zone\",\"url\":\"https:\\\/\\\/fitnesszone.lu\\\/\",\"logo\":{\"@type\":\"ImageObject\",\"inLanguage\":\"en-US\",\"@id\":\"https:\\\/\\\/fitnesszone.lu\\\/#\\\/schema\\\/logo\\\/image\\\/\",\"url\":\"https:\\\/\\\/fitnesszone.lu\\\/wp-content\\\/uploads\\\/2024\\\/05\\\/fzone.jpeg\",\"contentUrl\":\"https:\\\/\\\/fitnesszone.lu\\\/wp-content\\\/uploads\\\/2024\\\/05\\\/fzone.jpeg\",\"width\":225,\"height\":225,\"caption\":\"Fitness Zone\"},\"image\":{\"@id\":\"https:\\\/\\\/fitnesszone.lu\\\/#\\\/schema\\\/logo\\\/image\\\/\"},\"sameAs\":[\"https:\\\/\\\/www.facebook.com\\\/fitnesszonehowald\",\"https:\\\/\\\/www.instagram.com\\\/fitnesszone_luxembourg\"]}]}<\/script>\n<!-- \/ Yoast SEO plugin. -->","yoast_head_json":{"title":"ENERGY PACKAGE (paiement annuel) - Fitness Zone","description":"Le Energy Package est l\u2019abonnement id\u00e9al pour ceux qui recherchent un engagement annuel avec des avantages exclusifs. | Fitness Zone Howald","robots":{"index":"index","follow":"follow","max-snippet":"max-snippet:-1","max-image-preview":"max-image-preview:large","max-video-preview":"max-video-preview:-1"},"canonical":"https:\/\/fitnesszone.lu\/en\/product\/energy-package-paiement-annuel\/","og_locale":"en_US","og_type":"article","og_title":"ENERGY PACKAGE (paiement annuel) - Fitness Zone","og_description":"Le Energy Package est l\u2019abonnement id\u00e9al pour ceux qui recherchent un engagement annuel avec des avantages exclusifs. | Fitness Zone Howald","og_url":"https:\/\/fitnesszone.lu\/en\/product\/energy-package-paiement-annuel\/","og_site_name":"Fitness Zone","article_publisher":"https:\/\/www.facebook.com\/fitnesszonehowald","article_modified_time":"2026-01-02T12:40:06+00:00","og_image":[{"width":800,"height":800,"url":"https:\/\/fitnesszone.lu\/wp-content\/uploads\/2025\/03\/pack-energy.jpg","type":"image\/jpeg"}],"twitter_card":"summary_large_image","twitter_misc":{"Est. reading time":"1 minute"},"schema":{"@context":"https:\/\/schema.org","@graph":[{"@type":"WebPage","@id":"https:\/\/fitnesszone.lu\/product\/energy-package-paiement-annuel\/","url":"https:\/\/fitnesszone.lu\/product\/energy-package-paiement-annuel\/","name":"ENERGY PACKAGE (paiement annuel) - Fitness Zone","isPartOf":{"@id":"https:\/\/fitnesszone.lu\/#website"},"primaryImageOfPage":{"@id":"https:\/\/fitnesszone.lu\/product\/energy-package-paiement-annuel\/#primaryimage"},"image":{"@id":"https:\/\/fitnesszone.lu\/product\/energy-package-paiement-annuel\/#primaryimage"},"thumbnailUrl":"https:\/\/fitnesszone.lu\/wp-content\/uploads\/2025\/03\/pack-energy.jpg","datePublished":"2025-12-03T20:43:54+00:00","dateModified":"2026-01-02T12:40:06+00:00","description":"Le Energy Package est l\u2019abonnement id\u00e9al pour ceux qui recherchent un engagement annuel avec des avantages exclusifs. | Fitness Zone Howald","breadcrumb":{"@id":"https:\/\/fitnesszone.lu\/product\/energy-package-paiement-annuel\/#breadcrumb"},"inLanguage":"en-US","potentialAction":[{"@type":"ReadAction","target":["https:\/\/fitnesszone.lu\/product\/energy-package-paiement-annuel\/"]}]},{"@type":"ImageObject","inLanguage":"en-US","@id":"https:\/\/fitnesszone.lu\/product\/energy-package-paiement-annuel\/#primaryimage","url":"https:\/\/fitnesszone.lu\/wp-content\/uploads\/2025\/03\/pack-energy.jpg","contentUrl":"https:\/\/fitnesszone.lu\/wp-content\/uploads\/2025\/03\/pack-energy.jpg","width":800,"height":800},{"@type":"BreadcrumbList","@id":"https:\/\/fitnesszone.lu\/product\/energy-package-paiement-annuel\/#breadcrumb","itemListElement":[{"@type":"ListItem","position":1,"name":"Accueil","item":"https:\/\/fitnesszone.lu\/"},{"@type":"ListItem","position":2,"name":"Shop","item":"https:\/\/fitnesszone.lu\/shop\/"},{"@type":"ListItem","position":3,"name":"ENERGY PACKAGE (paiement annuel)"}]},{"@type":"WebSite","@id":"https:\/\/fitnesszone.lu\/#website","url":"https:\/\/fitnesszone.lu\/","name":"Fitness Zone","description":"","publisher":{"@id":"https:\/\/fitnesszone.lu\/#organization"},"potentialAction":[{"@type":"SearchAction","target":{"@type":"EntryPoint","urlTemplate":"https:\/\/fitnesszone.lu\/?s={search_term_string}"},"query-input":{"@type":"PropertyValueSpecification","valueRequired":true,"valueName":"search_term_string"}}],"inLanguage":"en-US"},{"@type":"Organization","@id":"https:\/\/fitnesszone.lu\/#organization","name":"Fitness Zone","url":"https:\/\/fitnesszone.lu\/","logo":{"@type":"ImageObject","inLanguage":"en-US","@id":"https:\/\/fitnesszone.lu\/#\/schema\/logo\/image\/","url":"https:\/\/fitnesszone.lu\/wp-content\/uploads\/2024\/05\/fzone.jpeg","contentUrl":"https:\/\/fitnesszone.lu\/wp-content\/uploads\/2024\/05\/fzone.jpeg","width":225,"height":225,"caption":"Fitness Zone"},"image":{"@id":"https:\/\/fitnesszone.lu\/#\/schema\/logo\/image\/"},"sameAs":["https:\/\/www.facebook.com\/fitnesszonehowald","https:\/\/www.instagram.com\/fitnesszone_luxembourg"]}]}},"jetpack_sharing_enabled":true,"_links":{"self":[{"href":"https:\/\/fitnesszone.lu\/en\/wp-json\/wp\/v2\/product\/17595","targetHints":{"allow":["GET"]}}],"collection":[{"href":"https:\/\/fitnesszone.lu\/en\/wp-json\/wp\/v2\/product"}],"about":[{"href":"https:\/\/fitnesszone.lu\/en\/wp-json\/wp\/v2\/types\/product"}],"version-history":[{"count":3,"href":"https:\/\/fitnesszone.lu\/en\/wp-json\/wp\/v2\/product\/17595\/revisions"}],"predecessor-version":[{"id":17682,"href":"https:\/\/fitnesszone.lu\/en\/wp-json\/wp\/v2\/product\/17595\/revisions\/17682"}],"wp:featuredmedia":[{"embeddable":true,"href":"https:\/\/fitnesszone.lu\/en\/wp-json\/wp\/v2\/media\/16929"}],"wp:attachment":[{"href":"https:\/\/fitnesszone.lu\/en\/wp-json\/wp\/v2\/media?parent=17595"}],"wp:term":[{"taxonomy":"product_brand","embeddable":true,"href":"https:\/\/fitnesszone.lu\/en\/wp-json\/wp\/v2\/product_brand?post=17595"},{"taxonomy":"product_cat","embeddable":true,"href":"https:\/\/fitnesszone.lu\/en\/wp-json\/wp\/v2\/product_cat?post=17595"},{"taxonomy":"product_tag","embeddable":true,"href":"https:\/\/fitnesszone.lu\/en\/wp-json\/wp\/v2\/product_tag?post=17595"}],"curies":[{"name":"wp","href":"https:\/\/api.w.org\/{rel}","templated":true}]}}