{"id":18009,"date":"2026-02-27T06:34:04","date_gmt":"2026-02-27T05:34:04","guid":{"rendered":"https:\/\/fitnesszone.lu\/?post_type=product&#038;p=18009"},"modified":"2026-02-27T06:36:23","modified_gmt":"2026-02-27T05:36:23","slug":"4-seances-kobido-massage-facial-japonais-anti-age","status":"publish","type":"product","link":"https:\/\/fitnesszone.lu\/en\/product\/4-seances-kobido-massage-facial-japonais-anti-age\/","title":{"rendered":"4 S\u00e9ances KOBIDO | massage facial japonais anti-\u00e2ge"},"content":{"rendered":"<h2 data-start=\"85\" data-end=\"130\">4 S\u00e9ances de massage facial japonais anti-\u00e2ge | Kobido | 45 minutes<\/h2>\n<p data-start=\"132\" data-end=\"468\">V\u00e9ritable art du soin, cette <strong data-start=\"161\" data-end=\"207\">s\u00e9ance de massage facial japonais anti-\u00e2ge<\/strong> offre une exp\u00e9rience profonde o\u00f9 la beaut\u00e9 rencontre l\u2019harmonie int\u00e9rieure. Inspir\u00e9 des traditions ancestrales, ce rituel d\u2019exception agit en douceur mais en profondeur pour raffermir et repulper la peau, lisser les traits et r\u00e9v\u00e9ler l\u2019\u00e9clat naturel du visage.<\/p>\n<h3 data-start=\"470\" data-end=\"500\">Les bienfaits de la s\u00e9ance<\/h3>\n<p data-start=\"502\" data-end=\"562\">Gr\u00e2ce \u00e0 des man\u0153uvres pr\u00e9cises et ma\u00eetris\u00e9es, cette s\u00e9ance :<\/p>\n<ul data-start=\"564\" data-end=\"830\">\n<li data-start=\"564\" data-end=\"605\">\n<p data-start=\"566\" data-end=\"605\">Stimule les \u00e9changes intercellulaires<\/p>\n<\/li>\n<li data-start=\"606\" data-end=\"643\">\n<p data-start=\"608\" data-end=\"643\">Favorise l\u2019oxyg\u00e9nation des tissus<\/p>\n<\/li>\n<li data-start=\"644\" data-end=\"681\">\n<p data-start=\"646\" data-end=\"681\">Soutient le renouvellement cutan\u00e9<\/p>\n<\/li>\n<li data-start=\"682\" data-end=\"728\">\n<p data-start=\"684\" data-end=\"728\">Rel\u00e2che les tensions musculaires du visage<\/p>\n<\/li>\n<li data-start=\"729\" data-end=\"764\">\n<p data-start=\"731\" data-end=\"764\">Lisse et red\u00e9finit les contours<\/p>\n<\/li>\n<li data-start=\"765\" data-end=\"830\">\n<p data-start=\"767\" data-end=\"830\">Stimule les circulations sanguine, lymphatique et \u00e9nerg\u00e9tique<\/p>\n<\/li>\n<\/ul>\n<p data-start=\"832\" data-end=\"963\">Les traits deviennent plus souples, repos\u00e9s et lumineux. La peau est revitalis\u00e9e et une sensation imm\u00e9diate de l\u00e9g\u00e8ret\u00e9 s\u2019installe.<\/p>\n<h3 data-start=\"965\" data-end=\"1002\">Une parenth\u00e8se bien-\u00eatre compl\u00e8te<\/h3>\n<p data-start=\"1004\" data-end=\"1211\">Au-del\u00e0 de ses bienfaits esth\u00e9tiques, cette s\u00e9ance procure un profond l\u00e2cher-prise.<br data-start=\"1087\" data-end=\"1090\" \/>Elle apaise le syst\u00e8me nerveux, r\u00e9gule la respiration et le rythme cardiaque, et invite \u00e0 une d\u00e9tente intense et durable.<\/p>\n<p data-start=\"1213\" data-end=\"1337\">Un v\u00e9ritable soin signature, pens\u00e9 comme une parenth\u00e8se pr\u00e9cieuse pour restaurer l\u2019\u00e9quilibre global du corps et de l\u2019esprit.<\/p>\n<hr data-start=\"1339\" data-end=\"1342\" \/>\n<h3 data-start=\"1344\" data-end=\"1383\">Informations &amp; prise de rendez-vous<\/h3>\n<p data-start=\"1385\" data-end=\"1456\">\ud83d\udce9 Email : <a class=\"decorated-link cursor-pointer\" rel=\"noopener\" data-start=\"1396\" data-end=\"1419\">severine@fitnesszone.lu<\/a><br data-start=\"1419\" data-end=\"1422\" \/>\ud83d\udcde T\u00e9l\u00e9phone : +33 6 85 79 12 09<\/p>","protected":false},"excerpt":{"rendered":"<p>4 S\u00e9ances de massage facial japonais anti-\u00e2ge | Kobido | 45 minutes V\u00e9ritable art du soin, cette s\u00e9ance de massage<\/p>","protected":false},"featured_media":18005,"template":"","meta":[],"product_brand":[],"product_cat":[102],"product_tag":[103],"class_list":{"0":"post-18009","1":"product","2":"type-product","3":"status-publish","4":"has-post-thumbnail","6":"product_cat-massages","7":"product_tag-kobido","9":"first","10":"instock","11":"sale","12":"virtual","13":"taxable","14":"purchasable","15":"product-type-simple"},"yoast_head":"<!-- This site is optimized with the Yoast SEO plugin v27.3 - https:\/\/yoast.com\/product\/yoast-seo-wordpress\/ -->\n<title>4 S\u00e9ances KOBIDO | massage facial japonais anti-\u00e2ge - Fitness Zone<\/title>\n<meta name=\"description\" content=\"4 S\u00e9ances de massage facial japonais anti-\u00e2ge | Kobido. Inspir\u00e9 des traditions ancestrales, ce rituel d\u2019exception agit en douceur. Fitness Zone\" \/>\n<meta name=\"robots\" content=\"index, follow, max-snippet:-1, max-image-preview:large, max-video-preview:-1\" \/>\n<link rel=\"canonical\" href=\"https:\/\/fitnesszone.lu\/en\/product\/4-seances-kobido-massage-facial-japonais-anti-age\/\" \/>\n<meta property=\"og:locale\" content=\"en_US\" \/>\n<meta property=\"og:type\" content=\"article\" \/>\n<meta property=\"og:title\" content=\"4 S\u00e9ances KOBIDO | massage facial japonais anti-\u00e2ge - Fitness Zone\" \/>\n<meta property=\"og:description\" content=\"4 S\u00e9ances de massage facial japonais anti-\u00e2ge | Kobido. Inspir\u00e9 des traditions ancestrales, ce rituel d\u2019exception agit en douceur. Fitness Zone\" \/>\n<meta property=\"og:url\" content=\"https:\/\/fitnesszone.lu\/en\/product\/4-seances-kobido-massage-facial-japonais-anti-age\/\" \/>\n<meta property=\"og:site_name\" content=\"Fitness Zone\" \/>\n<meta property=\"article:publisher\" content=\"https:\/\/www.facebook.com\/fitnesszonehowald\" \/>\n<meta property=\"article:modified_time\" content=\"2026-02-27T05:36:23+00:00\" \/>\n<meta property=\"og:image\" content=\"https:\/\/fitnesszone.lu\/wp-content\/uploads\/2026\/02\/kibodo-FZ-square-817x800.png\" \/>\n\t<meta property=\"og:image:width\" content=\"817\" \/>\n\t<meta property=\"og:image:height\" content=\"800\" \/>\n\t<meta property=\"og:image:type\" content=\"image\/png\" \/>\n<meta name=\"twitter:card\" content=\"summary_large_image\" \/>\n<meta name=\"twitter:label1\" content=\"Est. reading time\" \/>\n\t<meta name=\"twitter:data1\" content=\"2 minutes\" \/>\n<script type=\"application\/ld+json\" class=\"yoast-schema-graph\">{\"@context\":\"https:\\\/\\\/schema.org\",\"@graph\":[{\"@type\":\"WebPage\",\"@id\":\"https:\\\/\\\/fitnesszone.lu\\\/product\\\/4-seances-kobido-massage-facial-japonais-anti-age\\\/\",\"url\":\"https:\\\/\\\/fitnesszone.lu\\\/product\\\/4-seances-kobido-massage-facial-japonais-anti-age\\\/\",\"name\":\"4 S\u00e9ances KOBIDO | massage facial japonais anti-\u00e2ge - Fitness Zone\",\"isPartOf\":{\"@id\":\"https:\\\/\\\/fitnesszone.lu\\\/#website\"},\"primaryImageOfPage\":{\"@id\":\"https:\\\/\\\/fitnesszone.lu\\\/product\\\/4-seances-kobido-massage-facial-japonais-anti-age\\\/#primaryimage\"},\"image\":{\"@id\":\"https:\\\/\\\/fitnesszone.lu\\\/product\\\/4-seances-kobido-massage-facial-japonais-anti-age\\\/#primaryimage\"},\"thumbnailUrl\":\"https:\\\/\\\/fitnesszone.lu\\\/wp-content\\\/uploads\\\/2026\\\/02\\\/kibodo-FZ-square.png\",\"datePublished\":\"2026-02-27T05:34:04+00:00\",\"dateModified\":\"2026-02-27T05:36:23+00:00\",\"description\":\"4 S\u00e9ances de massage facial japonais anti-\u00e2ge | Kobido. Inspir\u00e9 des traditions ancestrales, ce rituel d\u2019exception agit en douceur. Fitness Zone\",\"breadcrumb\":{\"@id\":\"https:\\\/\\\/fitnesszone.lu\\\/product\\\/4-seances-kobido-massage-facial-japonais-anti-age\\\/#breadcrumb\"},\"inLanguage\":\"en-US\",\"potentialAction\":[{\"@type\":\"ReadAction\",\"target\":[\"https:\\\/\\\/fitnesszone.lu\\\/product\\\/4-seances-kobido-massage-facial-japonais-anti-age\\\/\"]}]},{\"@type\":\"ImageObject\",\"inLanguage\":\"en-US\",\"@id\":\"https:\\\/\\\/fitnesszone.lu\\\/product\\\/4-seances-kobido-massage-facial-japonais-anti-age\\\/#primaryimage\",\"url\":\"https:\\\/\\\/fitnesszone.lu\\\/wp-content\\\/uploads\\\/2026\\\/02\\\/kibodo-FZ-square.png\",\"contentUrl\":\"https:\\\/\\\/fitnesszone.lu\\\/wp-content\\\/uploads\\\/2026\\\/02\\\/kibodo-FZ-square.png\",\"width\":2480,\"height\":2428},{\"@type\":\"BreadcrumbList\",\"@id\":\"https:\\\/\\\/fitnesszone.lu\\\/product\\\/4-seances-kobido-massage-facial-japonais-anti-age\\\/#breadcrumb\",\"itemListElement\":[{\"@type\":\"ListItem\",\"position\":1,\"name\":\"Accueil\",\"item\":\"https:\\\/\\\/fitnesszone.lu\\\/\"},{\"@type\":\"ListItem\",\"position\":2,\"name\":\"Shop\",\"item\":\"https:\\\/\\\/fitnesszone.lu\\\/shop\\\/\"},{\"@type\":\"ListItem\",\"position\":3,\"name\":\"4 S\u00e9ances KOBIDO | massage facial japonais anti-\u00e2ge\"}]},{\"@type\":\"WebSite\",\"@id\":\"https:\\\/\\\/fitnesszone.lu\\\/#website\",\"url\":\"https:\\\/\\\/fitnesszone.lu\\\/\",\"name\":\"Fitness Zone\",\"description\":\"\",\"publisher\":{\"@id\":\"https:\\\/\\\/fitnesszone.lu\\\/#organization\"},\"potentialAction\":[{\"@type\":\"SearchAction\",\"target\":{\"@type\":\"EntryPoint\",\"urlTemplate\":\"https:\\\/\\\/fitnesszone.lu\\\/?s={search_term_string}\"},\"query-input\":{\"@type\":\"PropertyValueSpecification\",\"valueRequired\":true,\"valueName\":\"search_term_string\"}}],\"inLanguage\":\"en-US\"},{\"@type\":\"Organization\",\"@id\":\"https:\\\/\\\/fitnesszone.lu\\\/#organization\",\"name\":\"Fitness Zone\",\"url\":\"https:\\\/\\\/fitnesszone.lu\\\/\",\"logo\":{\"@type\":\"ImageObject\",\"inLanguage\":\"en-US\",\"@id\":\"https:\\\/\\\/fitnesszone.lu\\\/#\\\/schema\\\/logo\\\/image\\\/\",\"url\":\"https:\\\/\\\/fitnesszone.lu\\\/wp-content\\\/uploads\\\/2024\\\/05\\\/fzone.jpeg\",\"contentUrl\":\"https:\\\/\\\/fitnesszone.lu\\\/wp-content\\\/uploads\\\/2024\\\/05\\\/fzone.jpeg\",\"width\":225,\"height\":225,\"caption\":\"Fitness Zone\"},\"image\":{\"@id\":\"https:\\\/\\\/fitnesszone.lu\\\/#\\\/schema\\\/logo\\\/image\\\/\"},\"sameAs\":[\"https:\\\/\\\/www.facebook.com\\\/fitnesszonehowald\",\"https:\\\/\\\/www.instagram.com\\\/fitnesszone_luxembourg\"]}]}<\/script>\n<!-- \/ Yoast SEO plugin. -->","yoast_head_json":{"title":"4 S\u00e9ances KOBIDO | massage facial japonais anti-\u00e2ge - Fitness Zone","description":"4 S\u00e9ances de massage facial japonais anti-\u00e2ge | Kobido. Inspir\u00e9 des traditions ancestrales, ce rituel d\u2019exception agit en douceur. Fitness Zone","robots":{"index":"index","follow":"follow","max-snippet":"max-snippet:-1","max-image-preview":"max-image-preview:large","max-video-preview":"max-video-preview:-1"},"canonical":"https:\/\/fitnesszone.lu\/en\/product\/4-seances-kobido-massage-facial-japonais-anti-age\/","og_locale":"en_US","og_type":"article","og_title":"4 S\u00e9ances KOBIDO | massage facial japonais anti-\u00e2ge - Fitness Zone","og_description":"4 S\u00e9ances de massage facial japonais anti-\u00e2ge | Kobido. Inspir\u00e9 des traditions ancestrales, ce rituel d\u2019exception agit en douceur. Fitness Zone","og_url":"https:\/\/fitnesszone.lu\/en\/product\/4-seances-kobido-massage-facial-japonais-anti-age\/","og_site_name":"Fitness Zone","article_publisher":"https:\/\/www.facebook.com\/fitnesszonehowald","article_modified_time":"2026-02-27T05:36:23+00:00","og_image":[{"width":817,"height":800,"url":"https:\/\/fitnesszone.lu\/wp-content\/uploads\/2026\/02\/kibodo-FZ-square-817x800.png","type":"image\/png"}],"twitter_card":"summary_large_image","twitter_misc":{"Est. reading time":"2 minutes"},"schema":{"@context":"https:\/\/schema.org","@graph":[{"@type":"WebPage","@id":"https:\/\/fitnesszone.lu\/product\/4-seances-kobido-massage-facial-japonais-anti-age\/","url":"https:\/\/fitnesszone.lu\/product\/4-seances-kobido-massage-facial-japonais-anti-age\/","name":"4 S\u00e9ances KOBIDO | massage facial japonais anti-\u00e2ge - Fitness Zone","isPartOf":{"@id":"https:\/\/fitnesszone.lu\/#website"},"primaryImageOfPage":{"@id":"https:\/\/fitnesszone.lu\/product\/4-seances-kobido-massage-facial-japonais-anti-age\/#primaryimage"},"image":{"@id":"https:\/\/fitnesszone.lu\/product\/4-seances-kobido-massage-facial-japonais-anti-age\/#primaryimage"},"thumbnailUrl":"https:\/\/fitnesszone.lu\/wp-content\/uploads\/2026\/02\/kibodo-FZ-square.png","datePublished":"2026-02-27T05:34:04+00:00","dateModified":"2026-02-27T05:36:23+00:00","description":"4 S\u00e9ances de massage facial japonais anti-\u00e2ge | Kobido. Inspir\u00e9 des traditions ancestrales, ce rituel d\u2019exception agit en douceur. Fitness Zone","breadcrumb":{"@id":"https:\/\/fitnesszone.lu\/product\/4-seances-kobido-massage-facial-japonais-anti-age\/#breadcrumb"},"inLanguage":"en-US","potentialAction":[{"@type":"ReadAction","target":["https:\/\/fitnesszone.lu\/product\/4-seances-kobido-massage-facial-japonais-anti-age\/"]}]},{"@type":"ImageObject","inLanguage":"en-US","@id":"https:\/\/fitnesszone.lu\/product\/4-seances-kobido-massage-facial-japonais-anti-age\/#primaryimage","url":"https:\/\/fitnesszone.lu\/wp-content\/uploads\/2026\/02\/kibodo-FZ-square.png","contentUrl":"https:\/\/fitnesszone.lu\/wp-content\/uploads\/2026\/02\/kibodo-FZ-square.png","width":2480,"height":2428},{"@type":"BreadcrumbList","@id":"https:\/\/fitnesszone.lu\/product\/4-seances-kobido-massage-facial-japonais-anti-age\/#breadcrumb","itemListElement":[{"@type":"ListItem","position":1,"name":"Accueil","item":"https:\/\/fitnesszone.lu\/"},{"@type":"ListItem","position":2,"name":"Shop","item":"https:\/\/fitnesszone.lu\/shop\/"},{"@type":"ListItem","position":3,"name":"4 S\u00e9ances KOBIDO | massage facial japonais anti-\u00e2ge"}]},{"@type":"WebSite","@id":"https:\/\/fitnesszone.lu\/#website","url":"https:\/\/fitnesszone.lu\/","name":"Fitness Zone","description":"","publisher":{"@id":"https:\/\/fitnesszone.lu\/#organization"},"potentialAction":[{"@type":"SearchAction","target":{"@type":"EntryPoint","urlTemplate":"https:\/\/fitnesszone.lu\/?s={search_term_string}"},"query-input":{"@type":"PropertyValueSpecification","valueRequired":true,"valueName":"search_term_string"}}],"inLanguage":"en-US"},{"@type":"Organization","@id":"https:\/\/fitnesszone.lu\/#organization","name":"Fitness Zone","url":"https:\/\/fitnesszone.lu\/","logo":{"@type":"ImageObject","inLanguage":"en-US","@id":"https:\/\/fitnesszone.lu\/#\/schema\/logo\/image\/","url":"https:\/\/fitnesszone.lu\/wp-content\/uploads\/2024\/05\/fzone.jpeg","contentUrl":"https:\/\/fitnesszone.lu\/wp-content\/uploads\/2024\/05\/fzone.jpeg","width":225,"height":225,"caption":"Fitness Zone"},"image":{"@id":"https:\/\/fitnesszone.lu\/#\/schema\/logo\/image\/"},"sameAs":["https:\/\/www.facebook.com\/fitnesszonehowald","https:\/\/www.instagram.com\/fitnesszone_luxembourg"]}]}},"jetpack_sharing_enabled":true,"_links":{"self":[{"href":"https:\/\/fitnesszone.lu\/en\/wp-json\/wp\/v2\/product\/18009","targetHints":{"allow":["GET"]}}],"collection":[{"href":"https:\/\/fitnesszone.lu\/en\/wp-json\/wp\/v2\/product"}],"about":[{"href":"https:\/\/fitnesszone.lu\/en\/wp-json\/wp\/v2\/types\/product"}],"version-history":[{"count":3,"href":"https:\/\/fitnesszone.lu\/en\/wp-json\/wp\/v2\/product\/18009\/revisions"}],"predecessor-version":[{"id":18011,"href":"https:\/\/fitnesszone.lu\/en\/wp-json\/wp\/v2\/product\/18009\/revisions\/18011"}],"wp:featuredmedia":[{"embeddable":true,"href":"https:\/\/fitnesszone.lu\/en\/wp-json\/wp\/v2\/media\/18005"}],"wp:attachment":[{"href":"https:\/\/fitnesszone.lu\/en\/wp-json\/wp\/v2\/media?parent=18009"}],"wp:term":[{"taxonomy":"product_brand","embeddable":true,"href":"https:\/\/fitnesszone.lu\/en\/wp-json\/wp\/v2\/product_brand?post=18009"},{"taxonomy":"product_cat","embeddable":true,"href":"https:\/\/fitnesszone.lu\/en\/wp-json\/wp\/v2\/product_cat?post=18009"},{"taxonomy":"product_tag","embeddable":true,"href":"https:\/\/fitnesszone.lu\/en\/wp-json\/wp\/v2\/product_tag?post=18009"}],"curies":[{"name":"wp","href":"https:\/\/api.w.org\/{rel}","templated":true}]}}